{"id":371,"date":"2025-05-04T01:07:34","date_gmt":"2025-05-04T00:07:34","guid":{"rendered":"https:\/\/arlb-lbca.ca\/?page_id=371"},"modified":"2025-06-08T00:56:29","modified_gmt":"2025-06-07T23:56:29","slug":"shorelines","status":"publish","type":"page","link":"https:\/\/arlb-lbca.ca\/en\/shorelines\/","title":{"rendered":"Shorelines"},"content":{"rendered":"\n<div style=\"height:140px\" aria-hidden=\"true\" class=\"wp-block-spacer\"><\/div>\n\n\n\n<p class=\"has-text-align-center\"><strong>WATER SAFETY BASICS FOR LAKE BARRON<\/strong><\/p>\n\n\n\n<p>Boat wakes can damage boats and shorelines. Wakes can also put swimmers, divers and people in small boats at risk of capsizing. Be aware of how your boat&#8217;s wake can affect others when selecting your speed. Respect posted limits in tight spots, near rocks and dams, or at water outlets.&nbsp; These are low-speed, wake-free zones. Speeds within 30 meters of shore must be No-Wake. Speed in No-Wake zones should never exceed 8 kph or 5 mph. You will be responsible for any damage caused.<\/p>\n\n\n\n<hr class=\"wp-block-separator has-alpha-channel-opacity is-style-wide\"\/>\n\n\n\n<p><strong>For more information: <\/strong><\/p>\n\n\n\n<p>Transport Canada &#8211;&nbsp;<a href=\"https:\/\/tc.canada.ca\/sites\/default\/files\/2024-03\/tp_511e.pdf\" target=\"_blank\" rel=\"noreferrer noopener\">Safe Boating Guide<\/a><\/p>\n\n\n\n<p>Pleasure Craft Operator Card <a href=\"https:\/\/tc.canada.ca\/fr\/transport-maritime\/se-preparer-utiliser-son-embarcation\/carte-conducteur-embarcation-plaisance-ccep\" target=\"_blank\" rel=\"noreferrer noopener\">Canadian Boating Licence<\/a> <\/p>\n\n\n\n<p>Guide<a href=\"https:\/\/www.boaterexam.com\/blog\/boat-license-quebec-how-to-get-yours-before-boating-season\/\" target=\"_blank\" rel=\"noreferrer noopener\">&nbsp;de s\u00e9curit\u00e9 nautique &#8211; Qu\u00e9bec<\/a><\/p>\n\n\n\n<p class=\"has-black-color has-text-color has-link-color wp-elements-9ac00cf961d1ea846fe5a532228b76c6\"><\/p>\n\n\n\n<p><\/p>\n","protected":false},"excerpt":{"rendered":"<p>WATER SAFETY BASICS FOR LAKE BARRON Boat wakes can damage boats and shorelines. Wakes can also put swimmers, divers and people in small boats at risk of capsizing. Be aware of how your boat&#8217;s wake can affect others when selecting your speed. Respect posted limits in tight spots, near rocks and dams, or at water &hellip; <a href=\"https:\/\/arlb-lbca.ca\/en\/shorelines\/\" class=\"more-link\">Continue reading <span class=\"screen-reader-text\">Shorelines<\/span><\/a><\/p>\n","protected":false},"author":1,"featured_media":0,"parent":0,"menu_order":0,"comment_status":"closed","ping_status":"closed","template":"","meta":{"footnotes":""},"class_list":["post-371","page","type-page","status-publish","hentry","no-featured-image"],"_links":{"self":[{"href":"https:\/\/arlb-lbca.ca\/en\/wp-json\/wp\/v2\/pages\/371","targetHints":{"allow":["GET"]}}],"collection":[{"href":"https:\/\/arlb-lbca.ca\/en\/wp-json\/wp\/v2\/pages"}],"about":[{"href":"https:\/\/arlb-lbca.ca\/en\/wp-json\/wp\/v2\/types\/page"}],"author":[{"embeddable":true,"href":"https:\/\/arlb-lbca.ca\/en\/wp-json\/wp\/v2\/users\/1"}],"replies":[{"embeddable":true,"href":"https:\/\/arlb-lbca.ca\/en\/wp-json\/wp\/v2\/comments?post=371"}],"version-history":[{"count":15,"href":"https:\/\/arlb-lbca.ca\/en\/wp-json\/wp\/v2\/pages\/371\/revisions"}],"predecessor-version":[{"id":759,"href":"https:\/\/arlb-lbca.ca\/en\/wp-json\/wp\/v2\/pages\/371\/revisions\/759"}],"wp:attachment":[{"href":"https:\/\/arlb-lbca.ca\/en\/wp-json\/wp\/v2\/media?parent=371"}],"curies":[{"name":"wp","href":"https:\/\/api.w.org\/{rel}","templated":true}]}}