{"id":134,"date":"2025-04-26T18:28:23","date_gmt":"2025-04-27T00:28:23","guid":{"rendered":"http:\/\/atelieu.cluster051.hosting.ovh.net\/?page_id=134"},"modified":"2026-03-12T17:24:57","modified_gmt":"2026-03-12T17:24:57","slug":"membership","status":"publish","type":"page","link":"https:\/\/arlb-lbca.ca\/fr\/membership\/","title":{"rendered":"Adh\u00e9sion"},"content":{"rendered":"<div style=\"height:140px\" aria-hidden=\"true\" class=\"wp-block-spacer\"><\/div>\n\n\n\n<p class=\"has-text-align-center\"><strong>Ce que l'association offre aux riverains<\/strong><\/p>\n\n\n\n<figure class=\"wp-block-image size-large\"><img loading=\"lazy\" decoding=\"async\" width=\"1024\" height=\"768\" src=\"https:\/\/arlb-lbca.ca\/wp-content\/uploads\/2025\/04\/img-9044-1-1024x768.jpeg\" alt=\"\" class=\"wp-image-158\" srcset=\"https:\/\/arlb-lbca.ca\/wp-content\/uploads\/2025\/04\/img-9044-1-1024x768.jpeg 1024w, https:\/\/arlb-lbca.ca\/wp-content\/uploads\/2025\/04\/img-9044-1-300x225.jpeg 300w, https:\/\/arlb-lbca.ca\/wp-content\/uploads\/2025\/04\/img-9044-1-768x576.jpeg 768w, https:\/\/arlb-lbca.ca\/wp-content\/uploads\/2025\/04\/img-9044-1-16x12.jpeg 16w, https:\/\/arlb-lbca.ca\/wp-content\/uploads\/2025\/04\/img-9044-1.jpeg 1067w\" sizes=\"auto, (max-width: 1024px) 100vw, 1024px\" \/><\/figure>\n\n\n\n<p>En tant que membre de l'Association, vous participez aux projets visant \u00e0 contribuer \u00e0 la protection de l'environnement. Venez participer aux activit\u00e9s sociales et faites part de vos opinions et pr\u00e9occupations concernant les probl\u00e8mes du lac aux membres. L'Association travaille avec la municipalit\u00e9 de Gore pour prot\u00e9ger le lac Barron.&nbsp;<\/p>\n\n\n\n<p>Avec votre adh\u00e9sion, vous recevez des AUTOCOLLANTS POUR BATEAU et un KIT DE BIENVENUE rempli d'informations pratiques sur le lac Barron :&nbsp;<br>Comment limiter votre impact environnemental sur le lac, g\u00e9rer les installations septiques, obtenir des informations sur la protection des rives et contr\u00f4ler les plantes envahissantes. Renseignez-vous sur les pratiques de navigation s\u00e9curitaires utilis\u00e9es sur le lac et sur les consignes de pr\u00e9paration et de s\u00e9curit\u00e9 en cas d'urgence.<\/p>\n\n\n\n<p>Alors que nous avan\u00e7ons, en nous appuyant sur les fondations existantes, nous vous invitons \u00e0 rejoindre notre association et \u00e0 vous impliquer ! Nous avons besoin de votre temps, de vos id\u00e9es, de votre point de vue et de votre initiative.<\/p>\n\n\n\n<div class=\"wp-block-buttons is-content-justification-center is-layout-flex wp-container-core-buttons-is-layout-16018d1d wp-block-buttons-is-layout-flex\">\n<div class=\"wp-block-button\"><a class=\"wp-block-button__link has-background wp-element-button\" href=\"https:\/\/arlb-lbca.ca\/wp-content\/uploads\/2026\/03\/arlb-lbcamembershipform2026.pdf\" style=\"background-color:#3022c2\" target=\"_blank\" rel=\"noreferrer noopener\">Formulaire d'adh\u00e9sion<\/a><\/div>\n<\/div>\n\n\n\n<div style=\"height:42px\" aria-hidden=\"true\" class=\"wp-block-spacer\"><\/div>\n\n\n\n<div class=\"wp-block-group is-nowrap is-layout-flex wp-container-core-group-is-layout-ad2f72ca wp-block-group-is-layout-flex\">\n<p>Adh\u00e9rer \u00e0 une association, c'est assister aux assembl\u00e9es g\u00e9n\u00e9rales et exercer son droit de vote si n\u00e9cessaire. Pour r\u00e9unir tous nos membres, nous utilisons la visioconf\u00e9rence et les r\u00e9unions en pr\u00e9sentiel. Nous invitons \u00e9galement des intervenants pour aborder des sujets qui nous tiennent \u00e0 c\u0153ur. C'est l'occasion d'\u00e9changer sur ces sujets, d'acqu\u00e9rir de nouvelles connaissances et de nouer de nouvelles amiti\u00e9s.<br><\/p>\n<\/div>\n\n\n\n<p>N'h\u00e9sitez pas \u00e0 vous investir dans notre\/votre cause. Vos contributions, nos revenus de vente et les investissements de la municipalit\u00e9 financent nos efforts pour prot\u00e9ger notre lac et en faire un lieu agr\u00e9able pour tous.<\/p>\n\n\n\n<p class=\"has-text-align-center\"><strong><u>Supportez-nous!<\/u><\/strong><\/p>\n\n\n\n<p>Si vous souhaitez faire un don pour soutenir la LBCA, veuillez contacter <a href=\"mailto:president@lbca.ca\" target=\"_blank\" rel=\"noreferrer noopener\">president@lbca.ca<\/a><\/p>\n\n\n\n<figure class=\"wp-block-image size-full\"><img loading=\"lazy\" decoding=\"async\" width=\"654\" height=\"452\" src=\"https:\/\/arlb-lbca.ca\/wp-content\/uploads\/2025\/04\/image-2024-06-12-at-9-16-pm-1.jpeg\" alt=\"\" class=\"wp-image-161\" srcset=\"https:\/\/arlb-lbca.ca\/wp-content\/uploads\/2025\/04\/image-2024-06-12-at-9-16-pm-1.jpeg 654w, https:\/\/arlb-lbca.ca\/wp-content\/uploads\/2025\/04\/image-2024-06-12-at-9-16-pm-1-300x207.jpeg 300w, https:\/\/arlb-lbca.ca\/wp-content\/uploads\/2025\/04\/image-2024-06-12-at-9-16-pm-1-18x12.jpeg 18w\" sizes=\"auto, (max-width: 654px) 100vw, 654px\" \/><\/figure>\n\n\n\n<div class=\"wp-block-buttons is-content-justification-center is-layout-flex wp-container-core-buttons-is-layout-16018d1d wp-block-buttons-is-layout-flex\">\n<div class=\"wp-block-button\"><a class=\"wp-block-button__link has-white-color has-text-color has-background has-link-color wp-element-button\" href=\"mailto:president@lbca.ca\" style=\"background-color:#3022c2\" target=\"_blank\" rel=\"noreferrer noopener\">Contactez-nous<\/a><\/div>\n<\/div>\n\n\n\n<p><\/p>","protected":false},"excerpt":{"rendered":"<p>WHAT THE ASSOCIATION DOES FOR LAKE OWNERS As a member of the Association you are a part of the projects to help with environmental protection.&nbsp; Come be a part of social activities and bring your opinions and concerns about lake issues to the membership. The Association work with the Municipality of Gore to protect Lake &hellip; <a href=\"https:\/\/arlb-lbca.ca\/fr\/membership\/\" class=\"more-link\">Continuer la lecture de <span class=\"screen-reader-text\">Adh\u00e9sion<\/span><\/a><\/p>","protected":false},"author":1,"featured_media":0,"parent":0,"menu_order":0,"comment_status":"closed","ping_status":"closed","template":"","meta":{"footnotes":""},"class_list":["post-134","page","type-page","status-publish","hentry","no-featured-image"],"_links":{"self":[{"href":"https:\/\/arlb-lbca.ca\/fr\/wp-json\/wp\/v2\/pages\/134","targetHints":{"allow":["GET"]}}],"collection":[{"href":"https:\/\/arlb-lbca.ca\/fr\/wp-json\/wp\/v2\/pages"}],"about":[{"href":"https:\/\/arlb-lbca.ca\/fr\/wp-json\/wp\/v2\/types\/page"}],"author":[{"embeddable":true,"href":"https:\/\/arlb-lbca.ca\/fr\/wp-json\/wp\/v2\/users\/1"}],"replies":[{"embeddable":true,"href":"https:\/\/arlb-lbca.ca\/fr\/wp-json\/wp\/v2\/comments?post=134"}],"version-history":[{"count":12,"href":"https:\/\/arlb-lbca.ca\/fr\/wp-json\/wp\/v2\/pages\/134\/revisions"}],"predecessor-version":[{"id":935,"href":"https:\/\/arlb-lbca.ca\/fr\/wp-json\/wp\/v2\/pages\/134\/revisions\/935"}],"wp:attachment":[{"href":"https:\/\/arlb-lbca.ca\/fr\/wp-json\/wp\/v2\/media?parent=134"}],"curies":[{"name":"wp","href":"https:\/\/api.w.org\/{rel}","templated":true}]}}