{"id":136,"date":"2025-04-26T18:28:43","date_gmt":"2025-04-27T00:28:43","guid":{"rendered":"http:\/\/atelieu.cluster051.hosting.ovh.net\/?page_id=136"},"modified":"2025-07-14T02:39:04","modified_gmt":"2025-07-14T01:39:04","slug":"activities-events","status":"publish","type":"page","link":"https:\/\/arlb-lbca.ca\/fr\/activities-events\/","title":{"rendered":"Activit\u00e9s\/\u00c9v\u00e9nements"},"content":{"rendered":"<div style=\"height:140px\" aria-hidden=\"true\" class=\"wp-block-spacer\"><\/div>\n\n\n\n<p><strong>Esprit d'\u00e9quipe<\/strong><\/p>\n\n\n\n<p>Depuis plus de 60 ans, les riverains du lac Barron organisent chaque ann\u00e9e des \u00e9v\u00e9nements communautaires. La r\u00e9gate du lac Barron \u00e9tait un \u00e9v\u00e9nement annuel jusqu'en 2019 et maintenant la travers\u00e9e est-ouest est l'\u00e9v\u00e9nement de la saison. Les r\u00e9sidents, leurs amis et leur famille peuvent venir nager, faire du cano\u00eb, du kayak ou de l'aviron de l'extr\u00e9mit\u00e9 est du lac \u00e0 l'extr\u00e9mit\u00e9 ouest o\u00f9 un d\u00e9jeuner barbecue est organis\u00e9 pour c\u00e9l\u00e9brer les r\u00e9alisations. Les informations sur la travers\u00e9e est-ouest 2025 seront publi\u00e9es bient\u00f4t. Un avis sera envoy\u00e9 \u00e0 nos abonn\u00e9s !<\/p>\n\n\n\n<div class=\"wp-block-buttons is-content-justification-center is-layout-flex wp-container-core-buttons-is-layout-16018d1d wp-block-buttons-is-layout-flex\">\n<div class=\"wp-block-button\"><a class=\"wp-block-button__link has-background wp-element-button\" href=\"mailto:president@lbca.ca\" style=\"background-color:#3022c2\">Soyez de l'\u00e9quipe!<\/a><\/div>\n<\/div>\n\n\n\n<h2 class=\"wp-block-heading\"><strong>Activit\u00e9s<\/strong><\/h2>\n\n\n\n<p><strong>Travers\u00e9e est-ouest<\/strong><\/p>\n\n\n\n<div class=\"wp-block-group is-nowrap is-layout-flex wp-container-core-group-is-layout-ad2f72ca wp-block-group-is-layout-flex\">\n<p>Cet \u00e9v\u00e9nement permet aux participants de se d\u00e9placer en cano\u00eb, en kayak, en planche \u00e0 pagaie ou \u00e0 la nage de l'extr\u00e9mit\u00e9 est \u00e0 l'extr\u00e9mit\u00e9 ouest du lac. La distance est d'environ 5 km.<br>We thank the Hindle and McOuat families for hosting the event in 2022, 2023 &amp; 2024. The LBCA hopes to bring the event back in 2026.<\/p>\n\n\n\n<figure class=\"wp-block-image size-full\"><img loading=\"lazy\" decoding=\"async\" width=\"809\" height=\"800\" src=\"https:\/\/arlb-lbca.ca\/wp-content\/uploads\/2025\/04\/image-2024-06-11-at-8-24-pm_orig-1.jpeg\" alt=\"\" class=\"wp-image-176\" srcset=\"https:\/\/arlb-lbca.ca\/wp-content\/uploads\/2025\/04\/image-2024-06-11-at-8-24-pm_orig-1.jpeg 809w, https:\/\/arlb-lbca.ca\/wp-content\/uploads\/2025\/04\/image-2024-06-11-at-8-24-pm_orig-1-300x297.jpeg 300w, https:\/\/arlb-lbca.ca\/wp-content\/uploads\/2025\/04\/image-2024-06-11-at-8-24-pm_orig-1-768x759.jpeg 768w, https:\/\/arlb-lbca.ca\/wp-content\/uploads\/2025\/04\/image-2024-06-11-at-8-24-pm_orig-1-12x12.jpeg 12w\" sizes=\"auto, (max-width: 809px) 100vw, 809px\" \/><\/figure>\n<\/div>\n\n\n\n<div class=\"wp-block-buttons is-content-justification-center is-layout-flex wp-container-core-buttons-is-layout-16018d1d wp-block-buttons-is-layout-flex\">\n<div class=\"wp-block-button\"><a class=\"wp-block-button__link has-background wp-element-button\" style=\"background-color:#3022c2\">Attention \u00e0 l'\u00e9v\u00e9nement de 2026<\/a><\/div>\n<\/div>\n\n\n\n<div style=\"height:13px\" aria-hidden=\"true\" class=\"wp-block-spacer\"><\/div>\n\n\n\n<figure class=\"wp-block-image size-large\"><img loading=\"lazy\" decoding=\"async\" width=\"1024\" height=\"768\" src=\"https:\/\/arlb-lbca.ca\/wp-content\/uploads\/2025\/04\/img-4723_orig-1-1024x768.jpeg\" alt=\"\" class=\"wp-image-175\" srcset=\"https:\/\/arlb-lbca.ca\/wp-content\/uploads\/2025\/04\/img-4723_orig-1-1024x768.jpeg 1024w, https:\/\/arlb-lbca.ca\/wp-content\/uploads\/2025\/04\/img-4723_orig-1-300x225.jpeg 300w, https:\/\/arlb-lbca.ca\/wp-content\/uploads\/2025\/04\/img-4723_orig-1-768x576.jpeg 768w, https:\/\/arlb-lbca.ca\/wp-content\/uploads\/2025\/04\/img-4723_orig-1-16x12.jpeg 16w, https:\/\/arlb-lbca.ca\/wp-content\/uploads\/2025\/04\/img-4723_orig-1.jpeg 1067w\" sizes=\"auto, (max-width: 1024px) 100vw, 1024px\" \/><\/figure>\n\n\n\n<hr class=\"wp-block-separator has-alpha-channel-opacity\"\/>\n\n\n\n<div class=\"wp-block-columns is-layout-flex wp-container-core-columns-is-layout-9d6595d7 wp-block-columns-is-layout-flex\">\n<div class=\"wp-block-column is-layout-flow wp-block-column-is-layout-flow\" style=\"flex-basis:66.66%\">\n<p>Si vous avez des suggestions d'autres activit\u00e9s ou \u00e9v\u00e9nements, envoyez-nous un courriel avec vos id\u00e9es !<\/p>\n<\/div>\n\n\n\n<div class=\"wp-block-column is-layout-flow wp-block-column-is-layout-flow\" style=\"flex-basis:33.33%\">\n<div class=\"wp-block-buttons is-content-justification-center is-layout-flex wp-container-core-buttons-is-layout-16018d1d wp-block-buttons-is-layout-flex\">\n<div class=\"wp-block-button\"><a class=\"wp-block-button__link has-white-color has-text-color has-background has-link-color wp-element-button\" href=\"mailto:president@lbca.ca\" style=\"background-color:#3022c2\">COntact<\/a><\/div>\n<\/div>\n<\/div>\n<\/div>\n\n\n\n<hr class=\"wp-block-separator has-alpha-channel-opacity\"\/>\n\n\n\n<p class=\"has-text-align-center\"><strong>Autres activit\u00e9s dans notre r\u00e9gion (voir les liens ci-dessous)<\/strong><\/p>\n\n\n\n<div class=\"wp-block-group is-nowrap is-layout-flex wp-container-core-group-is-layout-ad2f72ca wp-block-group-is-layout-flex\">\n<figure class=\"wp-block-image size-full is-resized\"><img decoding=\"async\" src=\"https:\/\/arlb-lbca.ca\/wp-content\/uploads\/2025\/04\/4684865-1.png\" alt=\"\" class=\"wp-image-181\" style=\"width:170px;height:auto\"\/><\/figure>\n\n\n\n<p>Nos amis de Dunany ont gentiment invit\u00e9 les riverains du lac Barron \u00e0 se joindre \u00e0 eux pour des excursions \u00e0 v\u00e9lo et en cano\u00eb\/kayak, si vous souhaitez participer.<br>Si vous \u00eates int\u00e9ress\u00e9 par le cyclisme, veuillez cliquer sur le bouton Activit\u00e9s puis sur le Club Cycliste, o\u00f9 vous trouverez le lien vers le calendrier des excursions.<br>Pour ceux qui expriment un int\u00e9r\u00eat pour le wakeboard, le cano\u00eb, le kayak, etc. dans d\u2019autres lacs de la r\u00e9gion, veuillez cliquer sur le bouton : Activit\u00e9s, puis S.P.A.N.K. (SUPERIOR PADDLERS AND NOTORIOUS KAYAKERS) o\u00f9 vous trouverez le lien vers le calendrier des excursions.<\/p>\n\n\n\n<p><\/p>\n<\/div>\n\n\n\n<div class=\"wp-block-buttons is-content-justification-center is-layout-flex wp-container-core-buttons-is-layout-16018d1d wp-block-buttons-is-layout-flex\">\n<div class=\"wp-block-button\"><a class=\"wp-block-button__link has-background wp-element-button\" href=\"https:\/\/www.dunany.ca\" style=\"background-color:#3022c2\">DUNANY<\/a><\/div>\n<\/div>\n\n\n\n<hr class=\"wp-block-separator has-alpha-channel-opacity\"\/>\n\n\n\n<div class=\"wp-block-buttons is-content-justification-center is-layout-flex wp-container-core-buttons-is-layout-16018d1d wp-block-buttons-is-layout-flex\">\n<div class=\"wp-block-button\"><a class=\"wp-block-button__link has-background wp-element-button\" href=\"http:\/\/www.cantondegore.qc.ca\/\" style=\"background-color:#3022c2\">Gore<\/a><\/div>\n\n\n\n<div class=\"wp-block-button\"><a class=\"wp-block-button__link has-background wp-element-button\" href=\"http:\/\/www.ville.saint-sauveur.qc.ca\/\" style=\"background-color:#3022c2\">St-Sauveur<\/a><\/div>\n\n\n\n<div class=\"wp-block-button\"><a class=\"wp-block-button__link has-background wp-element-button\" href=\"http:\/\/www.ville.lachute.qc.ca\/\" style=\"background-color:#3022c2\">Lachute<\/a><\/div>\n\n\n\n<div class=\"wp-block-button\"><a class=\"wp-block-button__link has-background wp-element-button\" href=\"http:\/\/www.morinheights.com\/\" style=\"background-color:#3022c2\">Morin-heights<\/a><\/div>\n<\/div>\n\n\n\n<div style=\"height:13px\" aria-hidden=\"true\" class=\"wp-block-spacer\"><\/div>\n\n\n\n<div class=\"wp-block-buttons is-content-justification-center is-layout-flex wp-container-core-buttons-is-layout-16018d1d wp-block-buttons-is-layout-flex\">\n<div class=\"wp-block-button\"><a class=\"wp-block-button__link has-background wp-element-button\" href=\"http:\/\/www.montsaintsauveur.com\/en\/\" style=\"background-color:#3022c2\">Ski Mont St-Sauveur<\/a><\/div>\n\n\n\n<div class=\"wp-block-button\"><a class=\"wp-block-button__link has-background wp-element-button\" href=\"http:\/\/www.skimorinheights.com\/\" style=\"background-color:#3022c2\">Ski Morin-heights<\/a><\/div>\n<\/div>\n\n\n\n<hr class=\"wp-block-separator has-alpha-channel-opacity\"\/>\n\n\n\n<div class=\"wp-block-buttons alignwide is-content-justification-center is-layout-flex wp-container-core-buttons-is-layout-16018d1d wp-block-buttons-is-layout-flex\">\n<div class=\"wp-block-button\"><a class=\"wp-block-button__link has-background wp-element-button\" href=\"https:\/\/www.laurentides.com\/membre\/le-ptit-train-du-nord\/\" style=\"background-color:#3022c2\">le p&#8217;tit train du nord<\/a><\/div>\n<\/div>\n\n\n\n<hr class=\"wp-block-separator has-alpha-channel-opacity\"\/>\n\n\n\n<hr class=\"wp-block-separator has-alpha-channel-opacity\" id=\"block-0f1d3a99-fc3d-4c01-9510-ad73e73adedd\"\/>\n\n\n\n<hr class=\"wp-block-separator has-alpha-channel-opacity\" id=\"block-864235c6-e7d7-4f1c-9e27-9265bca9e4cd\"\/>\n\n\n\n<hr class=\"wp-block-separator has-alpha-channel-opacity\" id=\"block-2e557937-e477-4537-bdb0-ea2d87d9152d\"\/>\n\n\n\n<hr class=\"wp-block-separator has-alpha-channel-opacity\"\/>\n\n\n\n<div class=\"wp-block-buttons is-content-justification-center is-layout-flex wp-container-core-buttons-is-layout-16018d1d wp-block-buttons-is-layout-flex\"><\/div>\n\n\n\n<h2 class=\"wp-block-heading\"><strong>D\u00c9FI COUREUR DES BOIS<br>LAC BEATTIE, GORE, QC<br>23 AUGUST 202<\/strong>5<\/h2>\n\n\n\n<div class=\"wp-block-group is-nowrap is-layout-flex wp-container-core-group-is-layout-ad2f72ca wp-block-group-is-layout-flex\">\n<p>La municipalit\u00e9 de Gore organise un \u00e9v\u00e9nement de course \u00e0 pied au Parc Nature Lac Beattie. C'est une journ\u00e9e de course dans ce magnifique parc. Venez courir et profiter de toute la beaut\u00e9 du lac Beattie. Les \u00e9v\u00e9nements se d\u00e9roulent sur 1-3-6-10-20 km. Pour plus d'informations et pour vous inscrire :&nbsp;<\/p>\n\n\n\n<figure class=\"wp-block-image size-full is-resized\"><img loading=\"lazy\" decoding=\"async\" width=\"500\" height=\"500\" src=\"https:\/\/arlb-lbca.ca\/wp-content\/uploads\/2025\/05\/Image.jpeg\" alt=\"\" class=\"wp-image-592\" style=\"aspect-ratio:1;object-fit:cover;width:254px;height:auto\" srcset=\"https:\/\/arlb-lbca.ca\/wp-content\/uploads\/2025\/05\/Image.jpeg 500w, https:\/\/arlb-lbca.ca\/wp-content\/uploads\/2025\/05\/Image-300x300.jpeg 300w, https:\/\/arlb-lbca.ca\/wp-content\/uploads\/2025\/05\/Image-150x150.jpeg 150w, https:\/\/arlb-lbca.ca\/wp-content\/uploads\/2025\/05\/Image-12x12.jpeg 12w, https:\/\/arlb-lbca.ca\/wp-content\/uploads\/2025\/05\/Image-75x75.jpeg 75w\" sizes=\"auto, (max-width: 500px) 100vw, 500px\" \/><\/figure>\n<\/div>\n\n\n\n<div style=\"height:13px\" aria-hidden=\"true\" class=\"wp-block-spacer\"><\/div>\n\n\n\n<div class=\"wp-block-buttons is-layout-flex wp-block-buttons-is-layout-flex\">\n<div class=\"wp-block-button\"><a class=\"wp-block-button__link has-background wp-element-button\" href=\"https:\/\/www.cantondegore.qc.ca\/fr\/parc-du-lac-beattie\/course-coureur-des-bois\" style=\"background-color:#3022c2\">Information et inscription<\/a><\/div>\n<\/div>\n\n\n\n<p><\/p>","protected":false},"excerpt":{"rendered":"<p>Team Spirit For over 60 years, residents on Lake Barron have been organizing community events yearly.&nbsp; The Lake Barron Regatta was a yearly event until 2019 and now the East-West Crossing is the event of the season. Residents and their friends and family can come and swim, canoe, kayak or row from the east end &hellip; <a href=\"https:\/\/arlb-lbca.ca\/fr\/activities-events\/\" class=\"more-link\">Continuer la lecture de <span class=\"screen-reader-text\">Activit\u00e9s\/\u00c9v\u00e9nements<\/span><\/a><\/p>","protected":false},"author":1,"featured_media":0,"parent":0,"menu_order":0,"comment_status":"closed","ping_status":"closed","template":"","meta":{"footnotes":""},"class_list":["post-136","page","type-page","status-publish","hentry","no-featured-image"],"_links":{"self":[{"href":"https:\/\/arlb-lbca.ca\/fr\/wp-json\/wp\/v2\/pages\/136","targetHints":{"allow":["GET"]}}],"collection":[{"href":"https:\/\/arlb-lbca.ca\/fr\/wp-json\/wp\/v2\/pages"}],"about":[{"href":"https:\/\/arlb-lbca.ca\/fr\/wp-json\/wp\/v2\/types\/page"}],"author":[{"embeddable":true,"href":"https:\/\/arlb-lbca.ca\/fr\/wp-json\/wp\/v2\/users\/1"}],"replies":[{"embeddable":true,"href":"https:\/\/arlb-lbca.ca\/fr\/wp-json\/wp\/v2\/comments?post=136"}],"version-history":[{"count":29,"href":"https:\/\/arlb-lbca.ca\/fr\/wp-json\/wp\/v2\/pages\/136\/revisions"}],"predecessor-version":[{"id":793,"href":"https:\/\/arlb-lbca.ca\/fr\/wp-json\/wp\/v2\/pages\/136\/revisions\/793"}],"wp:attachment":[{"href":"https:\/\/arlb-lbca.ca\/fr\/wp-json\/wp\/v2\/media?parent=136"}],"curies":[{"name":"wp","href":"https:\/\/api.w.org\/{rel}","templated":true}]}}