{"id":147,"date":"2025-04-26T18:31:42","date_gmt":"2025-04-27T00:31:42","guid":{"rendered":"http:\/\/atelieu.cluster051.hosting.ovh.net\/?page_id=147"},"modified":"2025-05-16T20:45:57","modified_gmt":"2025-05-16T19:45:57","slug":"contact","status":"publish","type":"page","link":"https:\/\/arlb-lbca.ca\/fr\/contact\/","title":{"rendered":"Contact"},"content":{"rendered":"<div style=\"height:140px\" aria-hidden=\"true\" class=\"wp-block-spacer\"><\/div>\n\n\n\n<p class=\"has-white-color has-text-color has-background has-link-color wp-elements-8bb4155edc68bde217a8ca037eacb96b\" style=\"background-color:#3022c2\">Pour plus d'informations sur l'ARLB ou pour devenir b\u00e9n\u00e9vole ou membre de l'association, veuillez envoyer un courriel \u00e0 president@lbca.ca <a href=\"mailto:president@lbca.ca\">president@lbca.ca<\/a> <\/p>\n\n\n\n<p class=\"has-white-color has-text-color has-link-color wp-elements-c645e628e62f8fbab9d9726851472d16\"><\/p>\n\n\n\n<p><\/p>","protected":false},"excerpt":{"rendered":"<p>For more information about the LBCA or to volunteer or join the Association, please email president@lbca.ca<\/p>","protected":false},"author":1,"featured_media":0,"parent":0,"menu_order":0,"comment_status":"closed","ping_status":"closed","template":"","meta":{"footnotes":""},"class_list":["post-147","page","type-page","status-publish","hentry","no-featured-image"],"_links":{"self":[{"href":"https:\/\/arlb-lbca.ca\/fr\/wp-json\/wp\/v2\/pages\/147","targetHints":{"allow":["GET"]}}],"collection":[{"href":"https:\/\/arlb-lbca.ca\/fr\/wp-json\/wp\/v2\/pages"}],"about":[{"href":"https:\/\/arlb-lbca.ca\/fr\/wp-json\/wp\/v2\/types\/page"}],"author":[{"embeddable":true,"href":"https:\/\/arlb-lbca.ca\/fr\/wp-json\/wp\/v2\/users\/1"}],"replies":[{"embeddable":true,"href":"https:\/\/arlb-lbca.ca\/fr\/wp-json\/wp\/v2\/comments?post=147"}],"version-history":[{"count":2,"href":"https:\/\/arlb-lbca.ca\/fr\/wp-json\/wp\/v2\/pages\/147\/revisions"}],"predecessor-version":[{"id":683,"href":"https:\/\/arlb-lbca.ca\/fr\/wp-json\/wp\/v2\/pages\/147\/revisions\/683"}],"wp:attachment":[{"href":"https:\/\/arlb-lbca.ca\/fr\/wp-json\/wp\/v2\/media?parent=147"}],"curies":[{"name":"wp","href":"https:\/\/api.w.org\/{rel}","templated":true}]}}