{"id":193,"date":"2025-04-29T18:05:38","date_gmt":"2025-04-30T00:05:38","guid":{"rendered":"http:\/\/atelieu.cluster051.hosting.ovh.net\/?page_id=193"},"modified":"2025-07-31T18:17:38","modified_gmt":"2025-07-31T17:17:38","slug":"the-association","status":"publish","type":"page","link":"https:\/\/arlb-lbca.ca\/fr\/the-association\/","title":{"rendered":"L'association"},"content":{"rendered":"<div style=\"height:140px\" aria-hidden=\"true\" class=\"wp-block-spacer\"><\/div>\n\n\n\n<p class=\"has-text-align-center\"><strong>L'association des riverains du lac Barron<\/strong><\/p>\n\n\n\n<p>L'association des riverains du lac Barron a \u00e9t\u00e9 cr\u00e9\u00e9e (avec une charte du gouvernement du Qu\u00e9bec) au d\u00e9but des ann\u00e9es 1960 lorsque les r\u00e9sidents du lac se sont inqui\u00e9t\u00e9s du rythme de croissance et du manque de contr\u00f4le sur le d\u00e9veloppement du lac. Un promoteur pr\u00e9voyait d'acheter le terrain surnomm\u00e9 \"l'Ile\" pour y construire un h\u00f4tel et une marina.<\/p>\n\n\n\n<p>Avec le temps et l'augmentation de la population du lac, l'association s'est trouv\u00e9e confront\u00e9e \u00e0 de nouveaux d\u00e9fis li\u00e9s \u00e0 l'impact de la croissance d\u00e9mographique sur l'environnement et la s\u00e9curit\u00e9. L'analyse de l'eau, la modernisation des fosses septiques, la s\u00e9curit\u00e9 nautique et la revitalisation des berges ont \u00e9t\u00e9 mises en \u0153uvre afin de prot\u00e9ger la sant\u00e9 de notre lac pour que les g\u00e9n\u00e9rations futures puissent en profiter.<\/p>\n\n\n\n<p>L'association organise \u00e9galement des activit\u00e9s sociales afin d'encourager les r\u00e9sidents \u00e0 s'amuser et \u00e0 d\u00e9velopper un sentiment d'appartenance \u00e0 la communaut\u00e9.<\/p>\n\n\n\n<p>Les frais d'acc\u00e8s au lac sont de 25 $ par an. Remplissez simplement le formulaire ci-joint et envoyez-le \u00e0 <a href=\"mailto:president@lbca.ca\">president@lbca.ca<\/a><\/p>\n\n\n\n<p>Cette petite contribution est tr\u00e8s importante pour l'association du lac. Elle permet de financer les analyses d'eau, les bou\u00e9es, les panneaux, les projets environnementaux, les activit\u00e9s sociales et les frais administratifs.<\/p>\n\n\n\n<div class=\"wp-block-buttons is-content-justification-center is-layout-flex wp-container-core-buttons-is-layout-16018d1d wp-block-buttons-is-layout-flex\">\n<div class=\"wp-block-button has-custom-width wp-block-button__width-75\"><a class=\"wp-block-button__link has-background wp-element-button\" href=\"https:\/\/arlb-lbca.ca\/wp-content\/uploads\/2025\/05\/lbca_bylaws-1962_2014-08-04_.pdf\" style=\"background-color:#3022c2\" target=\"_blank\" rel=\"noreferrer noopener\">R\u00e8glements de l'association (1962)<\/a><\/div>\n<\/div>\n\n\n\n<hr class=\"wp-block-separator has-alpha-channel-opacity\"\/>\n\n\n\n<div class=\"wp-block-buttons is-content-justification-center is-layout-flex wp-container-core-buttons-is-layout-16018d1d wp-block-buttons-is-layout-flex\">\n<div class=\"wp-block-button has-custom-width wp-block-button__width-75\"><a class=\"wp-block-button__link has-background wp-element-button\" href=\"https:\/\/arlb-lbca.ca\/wp-content\/uploads\/2025\/07\/20250713-Statuts_FinalARLB_FR.pdf\" style=\"background-color:#ee3a6a\" target=\"_blank\" rel=\"noreferrer noopener\">Nouveaux r\u00e8glements adopt\u00e9s par l'ASSOCIATION (2025)<\/a><\/div>\n<\/div>\n\n\n\n<hr class=\"wp-block-separator has-alpha-channel-opacity\"\/>\n\n\n\n<div class=\"wp-block-buttons is-content-justification-center is-layout-flex wp-container-core-buttons-is-layout-16018d1d wp-block-buttons-is-layout-flex\">\n<div class=\"wp-block-button has-custom-width wp-block-button__width-75\"><a class=\"wp-block-button__link has-background has-text-align-center wp-element-button\" href=\"https:\/\/arlb-lbca.ca\/wp-content\/uploads\/2025\/07\/LBCA-ARLB-MemberFormnoJulyPW2025pay.pdf\" style=\"background-color:#3022c2\" target=\"_blank\" rel=\"noreferrer noopener\">FORMULAIRE D\u2019ADH\u00c9SION<\/a><\/div>\n<\/div>\n\n\n\n<p><\/p>","protected":false},"excerpt":{"rendered":"<p>Lake Barron Citizens Association (LBCA) The Lake Barron Citizens Association was formed (Chartered with the Quebec Government) in the early 1960\u2019s when lake residents grew concerned with the pace of growth and the lack of control over the development of the lake.&nbsp; A developer was planning to buy the land nicknamed &lt;&lt;The Island&gt;&gt; to build &hellip; <a href=\"https:\/\/arlb-lbca.ca\/fr\/the-association\/\" class=\"more-link\">Continuer la lecture de <span class=\"screen-reader-text\">L'association<\/span><\/a><\/p>","protected":false},"author":1,"featured_media":0,"parent":0,"menu_order":0,"comment_status":"closed","ping_status":"closed","template":"","meta":{"footnotes":""},"class_list":["post-193","page","type-page","status-publish","hentry","no-featured-image"],"_links":{"self":[{"href":"https:\/\/arlb-lbca.ca\/fr\/wp-json\/wp\/v2\/pages\/193","targetHints":{"allow":["GET"]}}],"collection":[{"href":"https:\/\/arlb-lbca.ca\/fr\/wp-json\/wp\/v2\/pages"}],"about":[{"href":"https:\/\/arlb-lbca.ca\/fr\/wp-json\/wp\/v2\/types\/page"}],"author":[{"embeddable":true,"href":"https:\/\/arlb-lbca.ca\/fr\/wp-json\/wp\/v2\/users\/1"}],"replies":[{"embeddable":true,"href":"https:\/\/arlb-lbca.ca\/fr\/wp-json\/wp\/v2\/comments?post=193"}],"version-history":[{"count":17,"href":"https:\/\/arlb-lbca.ca\/fr\/wp-json\/wp\/v2\/pages\/193\/revisions"}],"predecessor-version":[{"id":833,"href":"https:\/\/arlb-lbca.ca\/fr\/wp-json\/wp\/v2\/pages\/193\/revisions\/833"}],"wp:attachment":[{"href":"https:\/\/arlb-lbca.ca\/fr\/wp-json\/wp\/v2\/media?parent=193"}],"curies":[{"name":"wp","href":"https:\/\/api.w.org\/{rel}","templated":true}]}}