{"id":205,"date":"2025-04-29T18:11:46","date_gmt":"2025-04-30T00:11:46","guid":{"rendered":"http:\/\/atelieu.cluster051.hosting.ovh.net\/?page_id=205"},"modified":"2025-05-16T20:46:14","modified_gmt":"2025-05-16T19:46:14","slug":"enviroinfo","status":"publish","type":"page","link":"https:\/\/arlb-lbca.ca\/fr\/enviroinfo\/","title":{"rendered":"EnviroInfo"},"content":{"rendered":"<div style=\"height:140px\" aria-hidden=\"true\" class=\"wp-block-spacer\"><\/div>\n\n\n\n<p>Une s\u00e9rie de mini-bulletins d'information ax\u00e9s sur l'environnement et couvrant une vari\u00e9t\u00e9 de sujets. Ces sujets peuvent non seulement contribuer \u00e0 prot\u00e9ger notre lac, mais aussi en faire un lieu de vacances et de vie beaucoup plus agr\u00e9able.<\/p>\n\n\n\n<p>Chaque num\u00e9ro expliquera les enjeux environnementaux et fournira des conseils sur la mani\u00e8re dont les riverains du lac peuvent agir. Nous publierons ces informations r\u00e9guli\u00e8rement et vous invitons \u00e0 nous faire part de vos commentaires. Ceux-ci pourraient inclure des suggestions de sujets \u00e0 aborder dans les prochains num\u00e9ros d'EnviroInfo.<\/p>\n\n\n\n<p>Envoyez vos suggestions par courriel \u00e0 votre comit\u00e9 environnemental de l'association.<\/p>\n\n\n\n<figure class=\"wp-block-image size-large\"><img loading=\"lazy\" decoding=\"async\" width=\"791\" height=\"1024\" src=\"https:\/\/arlb-lbca.ca\/wp-content\/uploads\/2025\/05\/leaves-point-form-fr-final-ha1024-1_2-791x1024.jpg\" alt=\"\" class=\"wp-image-379\" srcset=\"https:\/\/arlb-lbca.ca\/wp-content\/uploads\/2025\/05\/leaves-point-form-fr-final-ha1024-1_2-791x1024.jpg 791w, https:\/\/arlb-lbca.ca\/wp-content\/uploads\/2025\/05\/leaves-point-form-fr-final-ha1024-1_2-232x300.jpg 232w, https:\/\/arlb-lbca.ca\/wp-content\/uploads\/2025\/05\/leaves-point-form-fr-final-ha1024-1_2-768x995.jpg 768w, https:\/\/arlb-lbca.ca\/wp-content\/uploads\/2025\/05\/leaves-point-form-fr-final-ha1024-1_2-9x12.jpg 9w, https:\/\/arlb-lbca.ca\/wp-content\/uploads\/2025\/05\/leaves-point-form-fr-final-ha1024-1_2.jpg 888w\" sizes=\"auto, (max-width: 791px) 100vw, 791px\" \/><\/figure>","protected":false},"excerpt":{"rendered":"<p>A series of environmentally focused mini-newsletters that cover a variety of topics. These topics can not only help protect our lake, but also make it a much more enjoyable place to vacation and live. Each issue will explain what the environmental concern is and also provide tips on how lake residents can take action on &hellip; <a href=\"https:\/\/arlb-lbca.ca\/fr\/enviroinfo\/\" class=\"more-link\">Continuer la lecture de <span class=\"screen-reader-text\">EnviroInfo<\/span><\/a><\/p>","protected":false},"author":1,"featured_media":0,"parent":0,"menu_order":0,"comment_status":"closed","ping_status":"closed","template":"","meta":{"footnotes":""},"class_list":["post-205","page","type-page","status-publish","hentry","no-featured-image"],"_links":{"self":[{"href":"https:\/\/arlb-lbca.ca\/fr\/wp-json\/wp\/v2\/pages\/205","targetHints":{"allow":["GET"]}}],"collection":[{"href":"https:\/\/arlb-lbca.ca\/fr\/wp-json\/wp\/v2\/pages"}],"about":[{"href":"https:\/\/arlb-lbca.ca\/fr\/wp-json\/wp\/v2\/types\/page"}],"author":[{"embeddable":true,"href":"https:\/\/arlb-lbca.ca\/fr\/wp-json\/wp\/v2\/users\/1"}],"replies":[{"embeddable":true,"href":"https:\/\/arlb-lbca.ca\/fr\/wp-json\/wp\/v2\/comments?post=205"}],"version-history":[{"count":3,"href":"https:\/\/arlb-lbca.ca\/fr\/wp-json\/wp\/v2\/pages\/205\/revisions"}],"predecessor-version":[{"id":684,"href":"https:\/\/arlb-lbca.ca\/fr\/wp-json\/wp\/v2\/pages\/205\/revisions\/684"}],"wp:attachment":[{"href":"https:\/\/arlb-lbca.ca\/fr\/wp-json\/wp\/v2\/media?parent=205"}],"curies":[{"name":"wp","href":"https:\/\/api.w.org\/{rel}","templated":true}]}}