{"id":212,"date":"2025-04-29T18:12:06","date_gmt":"2025-04-30T00:12:06","guid":{"rendered":"http:\/\/atelieu.cluster051.hosting.ovh.net\/?page_id=207"},"modified":"2025-05-16T20:49:22","modified_gmt":"2025-05-16T19:49:22","slug":"lake-health","status":"publish","type":"page","link":"https:\/\/arlb-lbca.ca\/fr\/lake-health\/","title":{"rendered":"Sant\u00e9 du lac"},"content":{"rendered":"<div style=\"height:140px\" aria-hidden=\"true\" class=\"wp-block-spacer\"><\/div>\n\n\n\n<p class=\"has-text-align-center has-large-font-size\">L'ARLB n'encourage pas les feux d'artifices<\/p>\n\n\n\n<p>Bien que seules des traces de phosphore soient pr\u00e9sentes dans les feux d'artifice, les r\u00e9sidus de phosphore acc\u00e9l\u00e8rent l'eutrophisation des lacs. Lorsque les lacs sont d\u00e9j\u00e0 charg\u00e9s en azote, de petites quantit\u00e9s suppl\u00e9mentaires de phosphore sont pr\u00e9occupantes. L'eutrophisation est li\u00e9e \u00e0 la prolif\u00e9ration d'algues et de cyanobact\u00e9ries, qui peuvent avoir un impact n\u00e9gatif sur la qualit\u00e9 de l'eau potable, la p\u00eache, la faune et la sant\u00e9 humaine. Les tests de qualit\u00e9 de l'eau du lac Barron effectu\u00e9s en 2023 nous indiquent que nous devrions mieux prendre soin de notre lac. De plus, les feux d'artifice peuvent \u00eatre la cause d'incendies de for\u00eat et nuire \u00e0 la sant\u00e9 des animaux domestiques et sauvages.&nbsp;<\/p>\n\n\n\n<div class=\"wp-block-buttons is-content-justification-center is-layout-flex wp-container-core-buttons-is-layout-16018d1d wp-block-buttons-is-layout-flex\">\n<div class=\"wp-block-button has-custom-width wp-block-button__width-50\"><a class=\"wp-block-button__link has-background wp-element-button\" href=\"https:\/\/arlb-lbca.ca\/wp-content\/uploads\/2025\/05\/using_fireworks.pdf\" style=\"background-color:#3022c2\" target=\"_blank\" rel=\"noreferrer noopener\">Pour plus d'information...<\/a><\/div>\n<\/div>\n\n\n\n<p><strong>Le r\u00e8glement municipal 188 de Gore, article 11<\/strong>&nbsp;stipule que vous devez obtenir un&nbsp;<strong><a href=\"https:\/\/www.cantondegore.qc.ca\/fr\/services-municipaux\/service-de-securite-publique\/rubriques\/permis-de-feu\" target=\"_blank\" rel=\"noreferrer noopener\">permis<\/a><\/strong>&nbsp;du canton de Gore avant d'utiliser des feux d'artifices.&nbsp;<\/p>\n\n\n\n<hr class=\"wp-block-separator aligncenter has-alpha-channel-opacity is-style-wide\"\/>\n\n\n\n<div class=\"wp-block-buttons is-content-justification-center is-layout-flex wp-container-core-buttons-is-layout-16018d1d wp-block-buttons-is-layout-flex\">\n<div class=\"wp-block-button has-custom-width wp-block-button__width-75\"><a class=\"wp-block-button__link has-background wp-element-button\" href=\"https:\/\/arlb-lbca.ca\/wp-content\/uploads\/2025\/05\/code_de_lenvironnement_et_de_lethique_cee.pdf\" style=\"background-color:#3022c2\"><strong>Code environnemental et \u00e9thique<\/strong><\/a><\/div>\n<\/div>\n\n\n\n<p>Le Code environnemental et \u00e9thique (CEE) a pour objectif de fournir des lignes directrices encourageant des pratiques socialement et \u00e9cologiquement responsables pour et autour du lac Barron. Ce document soutient l'Association des citoyens du lac Barron (LBCA) dans ses initiatives visant \u00e0 prot\u00e9ger l'environnement du lac et de ses environs afin d'en assurer la p\u00e9rennit\u00e9.<\/p>\n\n\n\n<hr class=\"wp-block-separator has-alpha-channel-opacity is-style-wide\"\/>\n\n\n\n<div class=\"wp-block-buttons is-content-justification-center is-layout-flex wp-container-core-buttons-is-layout-16018d1d wp-block-buttons-is-layout-flex\">\n<div class=\"wp-block-button has-custom-width wp-block-button__width-75\"><a class=\"wp-block-button__link has-background wp-element-button\" href=\"https:\/\/coalitionnavigation.ca\/en\/\" style=\"background-color:#3022c2\"><strong>Coalition Navigation<\/strong><\/a><\/div>\n<\/div>\n\n\n\n<p>Fond\u00e9e en 2013, la Coalition Navigation regroupe des citoyens, des associations et des organismes dont la mission est de veiller \u00e0 ce que la l\u00e9gislation sur l\u2019utilisation des embarcations \u00e0 moteur prot\u00e8ge les \u00e9cosyst\u00e8mes des plans d\u2019eau et, plus particuli\u00e8rement, les voies navigables du Canada.<\/p>\n\n\n\n<hr class=\"wp-block-separator has-alpha-channel-opacity is-style-wide\"\/>\n\n\n\n<div class=\"wp-block-buttons is-content-justification-center is-layout-flex wp-container-core-buttons-is-layout-16018d1d wp-block-buttons-is-layout-flex\">\n<div class=\"wp-block-button has-custom-width wp-block-button__width-75\"><a class=\"wp-block-button__link has-background wp-element-button\" href=\"https:\/\/www.cantondegore.qc.ca\/fr\/services-municipaux\/environnement\/rubriques\/installations-septiques\" style=\"background-color:#3022c2\">Systemes septiques<\/a><\/div>\n<\/div>\n\n\n\n<div style=\"height:17px\" aria-hidden=\"true\" class=\"wp-block-spacer\"><\/div>\n\n\n\n<div class=\"wp-block-buttons is-content-justification-center is-layout-flex wp-container-core-buttons-is-layout-16018d1d wp-block-buttons-is-layout-flex\">\n<div class=\"wp-block-button has-custom-width wp-block-button__width-75\"><a class=\"wp-block-button__link has-background wp-element-button\" href=\"https:\/\/www.cantondegore.qc.ca\/storage\/app\/media\/uploaded-files\/Formulaire_acces%20annuel_Lac%20Barron_2021.pdf\" style=\"background-color:#3022c2\">Enregistrer son embarcation a Gore<\/a><\/div>\n<\/div>\n\n\n\n<div style=\"height:14px\" aria-hidden=\"true\" class=\"wp-block-spacer\"><\/div>\n\n\n\n<div class=\"wp-block-buttons is-content-justification-center is-layout-flex wp-container-core-buttons-is-layout-16018d1d wp-block-buttons-is-layout-flex\">\n<div class=\"wp-block-button has-custom-width wp-block-button__width-75\"><a class=\"wp-block-button__link has-background wp-element-button\" href=\"https:\/\/coalitionnavigation.ca\/information\/\" style=\"background-color:#3022c2\">Impact des wakeboards sur les lacs<\/a><\/div>\n<\/div>\n\n\n\n<div style=\"height:15px\" aria-hidden=\"true\" class=\"wp-block-spacer\"><\/div>\n\n\n\n<div class=\"wp-block-buttons is-content-justification-center is-layout-flex wp-container-core-buttons-is-layout-16018d1d wp-block-buttons-is-layout-flex\">\n<div class=\"wp-block-button has-custom-width wp-block-button__width-75\"><a class=\"wp-block-button__link has-background wp-element-button\" href=\"https:\/\/www.environnement.gouv.qc.ca\/eau\/rsvl\/relais\/fiches-bilans\/2023\/Barron,%20Lac_0188A_2023_SA_SM.html\" style=\"background-color:#3022c2\">R\u00e9sultats des analyses de l'eau 2023<\/a><\/div>\n<\/div>\n\n\n\n<div style=\"height:14px\" aria-hidden=\"true\" class=\"wp-block-spacer\"><\/div>\n\n\n\n<div class=\"wp-block-buttons is-content-justification-center is-layout-flex wp-container-core-buttons-is-layout-16018d1d wp-block-buttons-is-layout-flex\">\n<div class=\"wp-block-button has-custom-width wp-block-button__width-75\"><a class=\"wp-block-button__link has-background wp-element-button\" style=\"background-color:#3022c2\">Rapport environnemental<\/a><\/div>\n<\/div>\n\n\n\n<div style=\"height:13px\" aria-hidden=\"true\" class=\"wp-block-spacer\"><\/div>\n\n\n\n<div class=\"wp-block-buttons is-content-justification-center is-layout-flex wp-container-core-buttons-is-layout-16018d1d wp-block-buttons-is-layout-flex\">\n<div class=\"wp-block-button has-custom-width wp-block-button__width-75\"><a class=\"wp-block-button__link has-background wp-element-button\" style=\"background-color:#3022c2\">Plan environnemental<\/a><\/div>\n<\/div>\n\n\n\n<p><\/p>","protected":false},"excerpt":{"rendered":"<p>LBCA discourages the use of Fireworks! Although only trace amounts of phosphorus are included in fireworks, phosphorus residues accelerate the eutrophication of lakes. Where lakes are already laden with nitrogen, small additional amounts of phosphorus are a cause for concern. Eutrophication is linked to algal blooms and cyanobacteria, which can have a negative impact on &hellip; <a href=\"https:\/\/arlb-lbca.ca\/fr\/lake-health\/\" class=\"more-link\">Continuer la lecture de <span class=\"screen-reader-text\">Sant\u00e9 du lac<\/span><\/a><\/p>","protected":false},"author":1,"featured_media":0,"parent":0,"menu_order":0,"comment_status":"closed","ping_status":"closed","template":"","meta":{"footnotes":""},"class_list":["post-212","page","type-page","status-publish","hentry","no-featured-image"],"_links":{"self":[{"href":"https:\/\/arlb-lbca.ca\/fr\/wp-json\/wp\/v2\/pages\/212","targetHints":{"allow":["GET"]}}],"collection":[{"href":"https:\/\/arlb-lbca.ca\/fr\/wp-json\/wp\/v2\/pages"}],"about":[{"href":"https:\/\/arlb-lbca.ca\/fr\/wp-json\/wp\/v2\/types\/page"}],"author":[{"embeddable":true,"href":"https:\/\/arlb-lbca.ca\/fr\/wp-json\/wp\/v2\/users\/1"}],"replies":[{"embeddable":true,"href":"https:\/\/arlb-lbca.ca\/fr\/wp-json\/wp\/v2\/comments?post=212"}],"version-history":[{"count":14,"href":"https:\/\/arlb-lbca.ca\/fr\/wp-json\/wp\/v2\/pages\/212\/revisions"}],"predecessor-version":[{"id":691,"href":"https:\/\/arlb-lbca.ca\/fr\/wp-json\/wp\/v2\/pages\/212\/revisions\/691"}],"wp:attachment":[{"href":"https:\/\/arlb-lbca.ca\/fr\/wp-json\/wp\/v2\/media?parent=212"}],"curies":[{"name":"wp","href":"https:\/\/api.w.org\/{rel}","templated":true}]}}