{"id":213,"date":"2025-04-29T18:12:35","date_gmt":"2025-04-30T00:12:35","guid":{"rendered":"http:\/\/atelieu.cluster051.hosting.ovh.net\/?page_id=209"},"modified":"2025-07-30T00:42:04","modified_gmt":"2025-07-29T23:42:04","slug":"water-testing","status":"publish","type":"page","link":"https:\/\/arlb-lbca.ca\/fr\/water-testing\/","title":{"rendered":"Tests d'eau"},"content":{"rendered":"<div style=\"height:140px\" aria-hidden=\"true\" class=\"wp-block-spacer\"><\/div>\n\n\n\n<p class=\"has-text-align-center has-large-font-size\"><strong>R\u00e9sultats des analyses de l'eau 2024<\/strong><br><strong>Lac Barron<\/strong><\/p>\n\n\n\n<div class=\"wp-block-buttons is-content-justification-center is-layout-flex wp-container-core-buttons-is-layout-16018d1d wp-block-buttons-is-layout-flex\">\n<div class=\"wp-block-button has-custom-width wp-block-button__width-75\"><a class=\"wp-block-button__link has-background wp-element-button\" href=\"https:\/\/www.environnement.gouv.qc.ca\/eau\/rsvl\/relais\/fiches-bilans\/2024\/Barron,%20Lac_0188A_2024_SA_SM.html\" style=\"background-color:#3022c2\" target=\"_blank\" rel=\"noreferrer noopener\">R\u00e9sultats des tests du lac Barron<\/a><\/div>\n<\/div>\n\n\n\n<hr class=\"wp-block-separator has-alpha-channel-opacity\"\/>\n\n\n\n<p>Membre du R\u00e9seau de surveillance volontaire des lacs (RSVL), le lac Barron participe au suivi annuel de la qualit\u00e9 de son eau. En 2023, 39 \u00e9chantillons et mesures ont \u00e9t\u00e9 pr\u00e9lev\u00e9s dans le lac durant la saison estivale par des b\u00e9n\u00e9voles de l'association en collaboration avec le minist\u00e8re de l'Environnement et de la Lutte contre les changements climatiques (MELCC). Plusieurs param\u00e8tres physicochimiques de l'eau ont \u00e9t\u00e9 \u00e9tudi\u00e9s.<br>Le phosphore est un \u00e9l\u00e9ment essentiel \u00e0 la croissance des plantes. Cependant, un exc\u00e8s de phosphore favorise la croissance des plantes aquatiques, affectant la qualit\u00e9 de l'eau et l'acc\u00e8s au lac. La chlorophylle est pr\u00e9sente dans toutes les plantes photosynth\u00e9tiques et les algues. Sa concentration excessive dans un plan d'eau refl\u00e8te donc la pr\u00e9sence d'une biomasse excessive, et donc d'un nombre excessif de plantes aquatiques. Le carbone organique dissous (COD) est un \u00e9l\u00e9ment issu de la d\u00e9composition de la mati\u00e8re organique. Ce param\u00e8tre est fortement associ\u00e9 \u00e0 la couleur de l'eau (jaun\u00e2tre ou brun\u00e2tre), car il est principalement influenc\u00e9 par l'acide humique des zones humides. Quant \u00e0 la transparence de l'eau, influenc\u00e9e par la pr\u00e9sence d'algues et la coloration de l'eau, ce param\u00e8tre d\u00e9pend fortement des autres.<br>Quant au lac Barron, les r\u00e9sultats montrent qu'il est dans un \u00e9tat oligo-m\u00e9sotrophe, ce qui signifie qu'il pr\u00e9sente un niveau de productivit\u00e9 biologique mod\u00e9r\u00e9, ce qui pourrait entra\u00eener une abondance accrue d'algues microscopiques et de plantes aquatiques. Les niveaux de phosphore ont augment\u00e9 de 6,7 % depuis 2022. De plus, la transparence s'est d\u00e9t\u00e9rior\u00e9e en raison de la coloration par le carbone organique dissous. Les niveaux de chlorophylle sont \u00e9galement \u00e0 la hausse. Dans ces conditions, l'\u00e9tat de sant\u00e9 du lac \u00e9volue, et il est important de r\u00e9duire les niveaux de phosphore et de prendre des mesures pour le prot\u00e9ger. Le vieillissement acc\u00e9l\u00e9r\u00e9 est caus\u00e9 par l'activit\u00e9 humaine, qui augmente l'apport de s\u00e9diments et de nutriments dans l'eau, d'o\u00f9 l'importance pour les r\u00e9sidents d'adopter des habitudes responsables. Par exemple, rev\u00e9g\u00e9taliser et prot\u00e9ger les bandes riveraines, utiliser des produits de nettoyage et des savons sans phosphate, avoir une fosse septique conforme et ne pas utiliser d'engrais ni de pesticides.<br>Il est important de souligner que les plaisanciers sur le lac doivent adopter un comportement responsable afin de limiter les vagues qui \u00e9rodent les berges et ram\u00e8nent des nutriments \u00e0 la surface, favorisant ainsi le d\u00e9veloppement de plantes et d'algues ind\u00e9sirables. Les bateaux de wakeboard sont plus susceptibles de cr\u00e9er des vagues surdimensionn\u00e9es qui amplifient le ph\u00e9nom\u00e8ne d'\u00e9rosion.<br>Merci de faire votre part pour aider \u00e0 pr\u00e9server notre environnement naturel !<\/p>\n\n\n\n<figure class=\"wp-block-image size-large\"><img loading=\"lazy\" decoding=\"async\" width=\"1024\" height=\"574\" src=\"https:\/\/arlb-lbca.ca\/wp-content\/uploads\/2025\/05\/image-2024-07-16-at-11-33-am_orig-1024x574.jpeg\" alt=\"\" class=\"wp-image-394\" srcset=\"https:\/\/arlb-lbca.ca\/wp-content\/uploads\/2025\/05\/image-2024-07-16-at-11-33-am_orig-1024x574.jpeg 1024w, https:\/\/arlb-lbca.ca\/wp-content\/uploads\/2025\/05\/image-2024-07-16-at-11-33-am_orig-300x168.jpeg 300w, https:\/\/arlb-lbca.ca\/wp-content\/uploads\/2025\/05\/image-2024-07-16-at-11-33-am_orig-768x431.jpeg 768w, https:\/\/arlb-lbca.ca\/wp-content\/uploads\/2025\/05\/image-2024-07-16-at-11-33-am_orig-18x10.jpeg 18w, https:\/\/arlb-lbca.ca\/wp-content\/uploads\/2025\/05\/image-2024-07-16-at-11-33-am_orig-680x382.jpeg 680w, https:\/\/arlb-lbca.ca\/wp-content\/uploads\/2025\/05\/image-2024-07-16-at-11-33-am_orig-1080x606.jpeg 1080w, https:\/\/arlb-lbca.ca\/wp-content\/uploads\/2025\/05\/image-2024-07-16-at-11-33-am_orig.jpeg 1100w\" sizes=\"auto, (max-width: 1024px) 100vw, 1024px\" \/><\/figure>\n\n\n\n<hr class=\"wp-block-separator has-alpha-channel-opacity\"\/>\n\n\n\n<p>Le R\u00e9seau de surveillance volontaire des lacs fournit depuis 2007 des donn\u00e9es pr\u00e9cieuses sur la sant\u00e9 du lac, telles que la transparence et les concentrations en phosphore.<\/p>\n\n\n\n<div class=\"wp-block-buttons is-content-justification-center is-layout-flex wp-container-core-buttons-is-layout-16018d1d wp-block-buttons-is-layout-flex\">\n<div class=\"wp-block-button has-custom-width wp-block-button__width-100\"><a class=\"wp-block-button__link has-background wp-element-button\" href=\"https:\/\/www.environnement.gouv.qc.ca\/eau\/rsvl\/relais\/rsvl_details.asp?fiche=188\" style=\"background-color:#3022c2\">Lac Barron (R\u00e9seau de surveillance volontaire des lacs)<\/a><\/div>\n<\/div>\n\n\n\n<p><\/p>","protected":false},"excerpt":{"rendered":"<p>2024 Water Quality Tests ResultsLake BARRON As a member of the R\u00e9seau de surveillance volontaire des lacs (RSVL), Lake Barron participates in the annual monitoring of its water quality. In 2023, 39 samples and measurements were taken in the lake during the summer season by volunteers of the LBCA working in collaboration with the Minist\u00e8re &hellip; <a href=\"https:\/\/arlb-lbca.ca\/fr\/water-testing\/\" class=\"more-link\">Continuer la lecture de <span class=\"screen-reader-text\">Tests d'eau<\/span><\/a><\/p>","protected":false},"author":1,"featured_media":0,"parent":0,"menu_order":0,"comment_status":"closed","ping_status":"closed","template":"","meta":{"footnotes":""},"class_list":["post-213","page","type-page","status-publish","hentry","no-featured-image"],"_links":{"self":[{"href":"https:\/\/arlb-lbca.ca\/fr\/wp-json\/wp\/v2\/pages\/213","targetHints":{"allow":["GET"]}}],"collection":[{"href":"https:\/\/arlb-lbca.ca\/fr\/wp-json\/wp\/v2\/pages"}],"about":[{"href":"https:\/\/arlb-lbca.ca\/fr\/wp-json\/wp\/v2\/types\/page"}],"author":[{"embeddable":true,"href":"https:\/\/arlb-lbca.ca\/fr\/wp-json\/wp\/v2\/users\/1"}],"replies":[{"embeddable":true,"href":"https:\/\/arlb-lbca.ca\/fr\/wp-json\/wp\/v2\/comments?post=213"}],"version-history":[{"count":13,"href":"https:\/\/arlb-lbca.ca\/fr\/wp-json\/wp\/v2\/pages\/213\/revisions"}],"predecessor-version":[{"id":801,"href":"https:\/\/arlb-lbca.ca\/fr\/wp-json\/wp\/v2\/pages\/213\/revisions\/801"}],"wp:attachment":[{"href":"https:\/\/arlb-lbca.ca\/fr\/wp-json\/wp\/v2\/media?parent=213"}],"curies":[{"name":"wp","href":"https:\/\/api.w.org\/{rel}","templated":true}]}}