{"id":360,"date":"2025-05-04T01:03:42","date_gmt":"2025-05-04T00:03:42","guid":{"rendered":"https:\/\/arlb-lbca.ca\/?page_id=360"},"modified":"2025-05-16T20:50:45","modified_gmt":"2025-05-16T19:50:45","slug":"other-organizations","status":"publish","type":"page","link":"https:\/\/arlb-lbca.ca\/fr\/other-organizations\/","title":{"rendered":"Autres organisations"},"content":{"rendered":"<div style=\"height:140px\" aria-hidden=\"true\" class=\"wp-block-spacer\"><\/div>\n\n\n\n<div class=\"wp-block-buttons is-content-justification-center is-layout-flex wp-container-core-buttons-is-layout-16018d1d wp-block-buttons-is-layout-flex\">\n<div class=\"wp-block-button has-custom-width wp-block-button__width-100\"><a class=\"wp-block-button__link has-background wp-element-button\" href=\"https:\/\/www.environnement.gouv.qc.ca\/eau\/rsvl\/index.htm\" style=\"background-color:#3022c2\"><strong>R\u00e9seau de surveillance volontaire des lacs (RSVL)<\/strong><\/a><\/div>\n<\/div>\n\n\n\n<p>En collaboration avec ses partenaires, le RSVL poursuit les quatre objectifs suivants :<br>Acqu\u00e9rir des donn\u00e9es permettant d\u2019\u00e9tablir le niveau trophique d\u2019un grand nombre de lacs et de suivre leur \u00e9volution dans le temps ;<br>Identifier les lacs pr\u00e9sentant des signes d\u2019eutrophisation et de d\u00e9gradation ;<br>Sensibiliser, sensibiliser, accompagner et informer les associations riveraines et les autres acteurs ;<br>Dresser un portrait g\u00e9n\u00e9ral de la situation des lacs de vill\u00e9giature au Qu\u00e9bec.<\/p>\n\n\n\n<hr class=\"wp-block-separator has-alpha-channel-opacity\"\/>\n\n\n\n<div class=\"wp-block-buttons is-content-justification-center is-layout-flex wp-container-core-buttons-is-layout-16018d1d wp-block-buttons-is-layout-flex\">\n<div class=\"wp-block-button has-custom-width wp-block-button__width-100\"><a class=\"wp-block-button__link has-background wp-element-button\" href=\"https:\/\/crelaurentides.org\/\" style=\"background-color:#3022c2\">CRE Laurentides<\/a><\/div>\n<\/div>\n\n\n\n<p>Notre association travaille de concert avec le Conseil r\u00e9gional de l\u2019environnement des Laurentides. Le CRE Laurentides a pour mission de promouvoir le d\u00e9veloppement durable, de prot\u00e9ger et de mettre en valeur l\u2019environnement et de favoriser l\u2019am\u00e9lioration du processus d\u00e9mocratique.<br>Elle privil\u00e9gie, comme strat\u00e9gie, la sensibilisation des d\u00e9cideurs locaux et r\u00e9gionaux \u00e0 la n\u00e9cessit\u00e9 d\u2019accorder la m\u00eame importance \u00e0 l\u2019environnement qu\u2019\u00e0 l\u2019\u00e9conomie et aux questions sociales dans leur processus d\u00e9cisionnel.<\/p>\n\n\n\n<hr class=\"wp-block-separator has-alpha-channel-opacity\"\/>\n\n\n\n<div class=\"wp-block-buttons is-layout-flex wp-block-buttons-is-layout-flex\">\n<div class=\"wp-block-button has-custom-width wp-block-button__width-100\"><a class=\"wp-block-button__link has-background wp-element-button\" href=\"https:\/\/www.abrinord.ca\/\" style=\"background-color:#3022c2\">Abrinord<\/a><\/div>\n<\/div>\n\n\n\n<p>Abrinord est l'un des 40 organismes de bassin versant officiellement reconnus par le gouvernement du Qu\u00e9bec dans la Loi affirmant le caract\u00e8re collectif des ressources en eau et visant \u00e0 renforcer leur protection.<br>L'organisation est charg\u00e9e de planifier et de coordonner la gestion int\u00e9gr\u00e9e de l'eau dans le territoire qui lui est confi\u00e9.<\/p>\n\n\n\n<hr class=\"wp-block-separator has-alpha-channel-opacity\"\/>\n\n\n\n<div class=\"wp-block-buttons is-content-justification-center is-layout-flex wp-container-core-buttons-is-layout-16018d1d wp-block-buttons-is-layout-flex\">\n<div class=\"wp-block-button has-custom-width wp-block-button__width-100\"><a class=\"wp-block-button__link has-background wp-element-button\" href=\"https:\/\/www.facebook.com\/groups\/234845029249283\/\" style=\"background-color:#3022c2\">Alliance des associations des lacs de Gore<\/a><\/div>\n<\/div>\n\n\n\n<p>L'Alliance est un groupe d'associations de lacs de la municipalit\u00e9 de Gore, cr\u00e9\u00e9 pour mieux se conna\u00eetre en partageant informations et connaissances et en sollicitant des avis afin de r\u00e9soudre des probl\u00e8mes communs. Actuellement, 13 associations repr\u00e9sentant 19 lacs partagent leurs connaissances.<\/p>\n\n\n\n<hr class=\"wp-block-separator has-alpha-channel-opacity\"\/>\n\n\n\n<div class=\"wp-block-buttons is-content-justification-center is-layout-flex wp-container-core-buttons-is-layout-16018d1d wp-block-buttons-is-layout-flex\">\n<div class=\"wp-block-button has-custom-width wp-block-button__width-100\"><a class=\"wp-block-button__link has-background wp-element-button\" href=\"https:\/\/rappel.qc.ca\/\" style=\"background-color:#3022c2\">Rappel<\/a><\/div>\n<\/div>\n\n\n\n<p>Le RAPPEL (Regroupement des associations pour la protection de l\u2019environnement des lacs et des bassins versants) est une coop\u00e9rative solidaire de protection de l\u2019eau. Notre organisation s\u2019appuie sur une \u00e9quipe professionnelle multidisciplinaire compos\u00e9e de sp\u00e9cialistes en biologie, ing\u00e9nierie, communication, g\u00e9omorphologie, g\u00e9ographie et de techniciens en \u00e9cologie. L\u2019expertise de notre personnel vise \u00e0 soutenir le travail quotidien des b\u00e9n\u00e9voles des associations et des autres acteurs de la protection de l\u2019eau.<\/p>","protected":false},"excerpt":{"rendered":"<p>In collaboration with its partners, the RSVL pursues the following four objectives:Acquire data to establish the trophic level of a large number of lakes and monitor their evolution over time;Identify lakes showing signs of eutrophication and degradation;Educate, raise awareness, support and inform riverside associations and other participants;Draw up a general picture of the situation of &hellip; <a href=\"https:\/\/arlb-lbca.ca\/fr\/other-organizations\/\" class=\"more-link\">Continuer la lecture de <span class=\"screen-reader-text\">Autres organisations<\/span><\/a><\/p>","protected":false},"author":1,"featured_media":0,"parent":0,"menu_order":0,"comment_status":"closed","ping_status":"closed","template":"","meta":{"footnotes":""},"class_list":["post-360","page","type-page","status-publish","hentry","no-featured-image"],"_links":{"self":[{"href":"https:\/\/arlb-lbca.ca\/fr\/wp-json\/wp\/v2\/pages\/360","targetHints":{"allow":["GET"]}}],"collection":[{"href":"https:\/\/arlb-lbca.ca\/fr\/wp-json\/wp\/v2\/pages"}],"about":[{"href":"https:\/\/arlb-lbca.ca\/fr\/wp-json\/wp\/v2\/types\/page"}],"author":[{"embeddable":true,"href":"https:\/\/arlb-lbca.ca\/fr\/wp-json\/wp\/v2\/users\/1"}],"replies":[{"embeddable":true,"href":"https:\/\/arlb-lbca.ca\/fr\/wp-json\/wp\/v2\/comments?post=360"}],"version-history":[{"count":7,"href":"https:\/\/arlb-lbca.ca\/fr\/wp-json\/wp\/v2\/pages\/360\/revisions"}],"predecessor-version":[{"id":695,"href":"https:\/\/arlb-lbca.ca\/fr\/wp-json\/wp\/v2\/pages\/360\/revisions\/695"}],"wp:attachment":[{"href":"https:\/\/arlb-lbca.ca\/fr\/wp-json\/wp\/v2\/media?parent=360"}],"curies":[{"name":"wp","href":"https:\/\/api.w.org\/{rel}","templated":true}]}}