{"id":367,"date":"2025-05-04T01:06:28","date_gmt":"2025-05-04T00:06:28","guid":{"rendered":"https:\/\/arlb-lbca.ca\/?page_id=367"},"modified":"2025-08-01T02:04:39","modified_gmt":"2025-08-01T01:04:39","slug":"boating-lake-safety","status":"publish","type":"page","link":"https:\/\/arlb-lbca.ca\/fr\/boating-lake-safety\/","title":{"rendered":"Navigation et s\u00e9curit\u00e9 sur le lac"},"content":{"rendered":"<div style=\"height:140px\" aria-hidden=\"true\" class=\"wp-block-spacer\"><\/div>\n\n\n\n<p class=\"has-text-color has-link-color wp-elements-e2a3df233a4a6fdb4608e8ff4e1ae6e6\" style=\"color:#2f26cb\"><strong>Sens de navigation sur le lac<\/strong><\/p>\n\n\n\n<figure class=\"wp-block-image size-large\"><img loading=\"lazy\" decoding=\"async\" width=\"1024\" height=\"246\" src=\"https:\/\/arlb-lbca.ca\/wp-content\/uploads\/2025\/05\/7691527_orig-1024x246.jpg\" alt=\"\" class=\"wp-image-424\" srcset=\"https:\/\/arlb-lbca.ca\/wp-content\/uploads\/2025\/05\/7691527_orig-1024x246.jpg 1024w, https:\/\/arlb-lbca.ca\/wp-content\/uploads\/2025\/05\/7691527_orig-300x72.jpg 300w, https:\/\/arlb-lbca.ca\/wp-content\/uploads\/2025\/05\/7691527_orig-768x184.jpg 768w, https:\/\/arlb-lbca.ca\/wp-content\/uploads\/2025\/05\/7691527_orig-18x4.jpg 18w, https:\/\/arlb-lbca.ca\/wp-content\/uploads\/2025\/05\/7691527_orig-1080x259.jpg 1080w, https:\/\/arlb-lbca.ca\/wp-content\/uploads\/2025\/05\/7691527_orig.jpg 1100w\" sizes=\"auto, (max-width: 1024px) 100vw, 1024px\" \/><\/figure>\n\n\n\n<p class=\"has-text-color has-link-color wp-elements-21efe3b415be6afdece013d5f733fc80\" style=\"color:#2f26cb\"><strong>S\u00e9curit\u00e9 nautique et navigation :<\/strong><\/p>\n\n\n\n<div class=\"wp-block-columns is-layout-flex wp-container-core-columns-is-layout-9d6595d7 wp-block-columns-is-layout-flex\">\n<div class=\"wp-block-column is-layout-flow wp-block-column-is-layout-flow\" style=\"flex-basis:33.33%\">\n<figure class=\"wp-block-image size-full\"><img loading=\"lazy\" decoding=\"async\" width=\"276\" height=\"179\" src=\"https:\/\/arlb-lbca.ca\/wp-content\/uploads\/2025\/05\/image-2024-07-16-at-4-10-pm.jpeg\" alt=\"\" class=\"wp-image-454\" srcset=\"https:\/\/arlb-lbca.ca\/wp-content\/uploads\/2025\/05\/image-2024-07-16-at-4-10-pm.jpeg 276w, https:\/\/arlb-lbca.ca\/wp-content\/uploads\/2025\/05\/image-2024-07-16-at-4-10-pm-18x12.jpeg 18w\" sizes=\"auto, (max-width: 276px) 100vw, 276px\" \/><\/figure>\n<\/div>\n\n\n\n<div class=\"wp-block-column is-layout-flow wp-block-column-is-layout-flow\" style=\"flex-basis:66.66%\">\n<p><strong>Toute personne conduisant une embarcation \u00e0 moteur doit \u00eatre munie d\u2019une carte de conducteur d\u2019embarcation de plaisance (CCEP) valide lorsqu\u2019elle est \u00e0 bord.&nbsp;<\/strong><\/p>\n\n\n\n<p><\/p>\n<\/div>\n<\/div>\n\n\n\n<p>Toutes les embarcations doivent avoir leurs feux allum\u00e9s entre le cr\u00e9puscule et le lever du soleil. Il s'agit d'une loi f\u00e9d\u00e9rale.<br>Les nageurs doivent rester pr\u00e8s du rivage, \u00eatre visibles et ne pas nager seuls. Les enfants et les non-nageurs doivent porter des dispositifs de flottaison ou des gilets de sauvetage en tout temps lorsqu'ils sont pr\u00e8s de l'eau.&nbsp;<\/p>\n\n\n\n<p>Le ski nautique et les autres activit\u00e9s de remorquage sont r\u00e9gis par la loi f\u00e9d\u00e9rale. Les r\u00e8gles r\u00e9gissant le ski nautique s'appliquent \u00e9galement aux activit\u00e9s de remorquage telles que le wakeboard, le ski nautique pieds nus et la bou\u00e9e tract\u00e9e. Si vous remorquez quelqu'un, il doit y avoir un si\u00e8ge pour toutes les personnes remorqu\u00e9es dans ce bateau. (Le nombre minimum de si\u00e8ges pour les bateaux utilis\u00e9s pour le remorquage est de 3.) Il doit y avoir un observateur dans le bateau pour surveiller la personne remorqu\u00e9e.\u00a0 Ceci s'applique aux motomarines (sea-doos) ainsi qu'aux autres bateaux \u00e0 moteur.&nbsp;<\/p>\n\n\n\n<p>Soyez prudent et ralentissez (pas de sillage &lt; 8 km\/h) lorsque vous naviguez dans la zone rocheuse des Narrows. Il n&#039;est pas recommand\u00e9 de remorquer quelqu&#039;un \u00e0 travers les rochers des Narrows.&nbsp;<\/p>\n\n\n\n<div class=\"wp-block-buttons is-content-justification-center is-layout-flex wp-container-core-buttons-is-layout-16018d1d wp-block-buttons-is-layout-flex\">\n<div class=\"wp-block-button has-custom-width wp-block-button__width-75\"><a class=\"wp-block-button__link has-background wp-element-button\" href=\"https:\/\/tc.canada.ca\/fr\/transport-maritime\/se-preparer-utiliser-son-embarcation\/carte-conducteur-embarcation-plaisance-ccep\" style=\"background-color:#3022c2\" target=\"_blank\" rel=\"noreferrer noopener\">Transports Canada CCEP<\/a><\/div>\n<\/div>\n\n\n\n<div style=\"height:100px\" aria-hidden=\"true\" class=\"wp-block-spacer\"><\/div>\n\n\n\n<p class=\"has-text-color has-link-color wp-elements-13c49d47cae51804f252a604e9f9471f\" style=\"color:#2f26cb\"><strong>S\u00e9curit\u00e9 en natation<\/strong>:<\/p>\n\n\n\n<p>Pour des raisons de s\u00e9curit\u00e9 et de visibilit\u00e9, il est fortement recommand\u00e9 d'utiliser un flotteur ou une bou\u00e9e de natation lorsque vous nagez. Ceux-ci augmentent la visibilit\u00e9 du nageur pour tous les bateaux, r\u00e9duisant ainsi le risque de collision. Ils constituent \u00e9galement un dispositif de flottaison permettant de se reposer ou de se d\u00e9tendre en cas de fatigue ou de crampes.<\/p>\n\n\n\n<p>Les couleurs vives disponibles facilitent \u00e9galement les \u00e9ventuelles op\u00e9rations de sauvetage.<\/p>\n\n\n<div class=\"wp-block-image\">\n<figure class=\"aligncenter size-large is-resized\"><img loading=\"lazy\" decoding=\"async\" width=\"1024\" height=\"739\" src=\"https:\/\/arlb-lbca.ca\/wp-content\/uploads\/2025\/07\/D1B72D2B-1B3C-4211-A291-2835B3F935D5_1_201_a-1024x739.jpg\" alt=\"\" class=\"wp-image-838\" style=\"width:510px;height:auto\" srcset=\"https:\/\/arlb-lbca.ca\/wp-content\/uploads\/2025\/07\/D1B72D2B-1B3C-4211-A291-2835B3F935D5_1_201_a-1024x739.jpg 1024w, https:\/\/arlb-lbca.ca\/wp-content\/uploads\/2025\/07\/D1B72D2B-1B3C-4211-A291-2835B3F935D5_1_201_a-300x216.jpg 300w, https:\/\/arlb-lbca.ca\/wp-content\/uploads\/2025\/07\/D1B72D2B-1B3C-4211-A291-2835B3F935D5_1_201_a-768x554.jpg 768w, https:\/\/arlb-lbca.ca\/wp-content\/uploads\/2025\/07\/D1B72D2B-1B3C-4211-A291-2835B3F935D5_1_201_a-18x12.jpg 18w, https:\/\/arlb-lbca.ca\/wp-content\/uploads\/2025\/07\/D1B72D2B-1B3C-4211-A291-2835B3F935D5_1_201_a-1080x779.jpg 1080w, https:\/\/arlb-lbca.ca\/wp-content\/uploads\/2025\/07\/D1B72D2B-1B3C-4211-A291-2835B3F935D5_1_201_a.jpg 1349w\" sizes=\"auto, (max-width: 1024px) 100vw, 1024px\" \/><figcaption class=\"wp-element-caption\">bou\u00e9e gonflable<\/figcaption><\/figure><\/div>\n\n\n<p><\/p>","protected":false},"excerpt":{"rendered":"<p>Direction of navigation on Lake Boating and navigation safety: \u200bAnyone operating a motorized boat must have a valid Pleasure Craft Operators Card (PCOC) while onboard.&nbsp; All boats must have lights on between dusk and sunrise. This is a federal law.Swimmers should stay close to the shoreline, be visible and not swim alone.&nbsp; Children and non-swimmers &hellip; <a href=\"https:\/\/arlb-lbca.ca\/fr\/boating-lake-safety\/\" class=\"more-link\">Continuer la lecture de <span class=\"screen-reader-text\">Navigation et s\u00e9curit\u00e9 sur le lac<\/span><\/a><\/p>","protected":false},"author":1,"featured_media":0,"parent":0,"menu_order":0,"comment_status":"closed","ping_status":"closed","template":"","meta":{"footnotes":""},"class_list":["post-367","page","type-page","status-publish","hentry","no-featured-image"],"_links":{"self":[{"href":"https:\/\/arlb-lbca.ca\/fr\/wp-json\/wp\/v2\/pages\/367","targetHints":{"allow":["GET"]}}],"collection":[{"href":"https:\/\/arlb-lbca.ca\/fr\/wp-json\/wp\/v2\/pages"}],"about":[{"href":"https:\/\/arlb-lbca.ca\/fr\/wp-json\/wp\/v2\/types\/page"}],"author":[{"embeddable":true,"href":"https:\/\/arlb-lbca.ca\/fr\/wp-json\/wp\/v2\/users\/1"}],"replies":[{"embeddable":true,"href":"https:\/\/arlb-lbca.ca\/fr\/wp-json\/wp\/v2\/comments?post=367"}],"version-history":[{"count":15,"href":"https:\/\/arlb-lbca.ca\/fr\/wp-json\/wp\/v2\/pages\/367\/revisions"}],"predecessor-version":[{"id":843,"href":"https:\/\/arlb-lbca.ca\/fr\/wp-json\/wp\/v2\/pages\/367\/revisions\/843"}],"wp:attachment":[{"href":"https:\/\/arlb-lbca.ca\/fr\/wp-json\/wp\/v2\/media?parent=367"}],"curies":[{"name":"wp","href":"https:\/\/api.w.org\/{rel}","templated":true}]}}