{"id":369,"date":"2025-05-04T01:06:50","date_gmt":"2025-05-04T00:06:50","guid":{"rendered":"https:\/\/arlb-lbca.ca\/?page_id=369"},"modified":"2025-05-16T20:59:55","modified_gmt":"2025-05-16T19:59:55","slug":"watercraft-cleaning","status":"publish","type":"page","link":"https:\/\/arlb-lbca.ca\/fr\/watercraft-cleaning\/","title":{"rendered":"Nettoyage d'embarcation"},"content":{"rendered":"<div style=\"height:140px\" aria-hidden=\"true\" class=\"wp-block-spacer\"><\/div>\n\n\n\n<p class=\"has-text-align-center has-large-font-size\"><strong>Le processus de nettoyage<\/strong><\/p>\n\n\n\n<div class=\"wp-block-columns is-layout-flex wp-container-core-columns-is-layout-9d6595d7 wp-block-columns-is-layout-flex\">\n<div class=\"wp-block-column is-layout-flow wp-block-column-is-layout-flow\">\n<p><strong>Inspecter et retirer<\/strong><\/p>\n\n\n\n<ul class=\"wp-block-list\">\n<li>Toute mati\u00e8re v\u00e9g\u00e9tale, boue ou organisme vivant<\/li>\n\n\n\n<li>\u00c9liminer dans un r\u00e9cipient ferm\u00e9<\/li>\n<\/ul>\n<\/div>\n\n\n\n<div class=\"wp-block-column is-layout-flow wp-block-column-is-layout-flow\">\n<figure class=\"wp-block-image size-large\"><img loading=\"lazy\" decoding=\"async\" width=\"1024\" height=\"396\" src=\"https:\/\/arlb-lbca.ca\/wp-content\/uploads\/2025\/04\/boat-1-1-1024x396.jpg\" alt=\"\" class=\"wp-image-181\" srcset=\"https:\/\/arlb-lbca.ca\/wp-content\/uploads\/2025\/04\/boat-1-1-1024x396.jpg 1024w, https:\/\/arlb-lbca.ca\/wp-content\/uploads\/2025\/04\/boat-1-1-300x116.jpg 300w, https:\/\/arlb-lbca.ca\/wp-content\/uploads\/2025\/04\/boat-1-1-768x297.jpg 768w, https:\/\/arlb-lbca.ca\/wp-content\/uploads\/2025\/04\/boat-1-1-1536x594.jpg 1536w, https:\/\/arlb-lbca.ca\/wp-content\/uploads\/2025\/04\/boat-1-1-2048x792.jpg 2048w, https:\/\/arlb-lbca.ca\/wp-content\/uploads\/2025\/04\/boat-1-1-18x7.jpg 18w\" sizes=\"auto, (max-width: 1024px) 100vw, 1024px\" \/><\/figure>\n<\/div>\n<\/div>\n\n\n\n<div class=\"wp-block-columns is-layout-flex wp-container-core-columns-is-layout-9d6595d7 wp-block-columns-is-layout-flex\">\n<div class=\"wp-block-column is-layout-flow wp-block-column-is-layout-flow\">\n<p><strong>Vidange<\/strong><\/p>\n\n\n\n<ul class=\"wp-block-list\">\n<li>Toute eau \u00e0 bord retourne vers son point d'origine ou loin de tout autre plan d'eau<\/li>\n<\/ul>\n<\/div>\n\n\n\n<div class=\"wp-block-column is-layout-flow wp-block-column-is-layout-flow\">\n<figure class=\"wp-block-image size-large\"><img loading=\"lazy\" decoding=\"async\" width=\"1024\" height=\"325\" src=\"https:\/\/arlb-lbca.ca\/wp-content\/uploads\/2025\/04\/boat-2-2-1024x325.jpg\" alt=\"\" class=\"wp-image-180\" srcset=\"https:\/\/arlb-lbca.ca\/wp-content\/uploads\/2025\/04\/boat-2-2-1024x325.jpg 1024w, https:\/\/arlb-lbca.ca\/wp-content\/uploads\/2025\/04\/boat-2-2-300x95.jpg 300w, https:\/\/arlb-lbca.ca\/wp-content\/uploads\/2025\/04\/boat-2-2-768x244.jpg 768w, https:\/\/arlb-lbca.ca\/wp-content\/uploads\/2025\/04\/boat-2-2-1536x488.jpg 1536w, https:\/\/arlb-lbca.ca\/wp-content\/uploads\/2025\/04\/boat-2-2-2048x650.jpg 2048w, https:\/\/arlb-lbca.ca\/wp-content\/uploads\/2025\/04\/boat-2-2-18x6.jpg 18w\" sizes=\"auto, (max-width: 1024px) 100vw, 1024px\" \/><\/figure>\n<\/div>\n<\/div>\n\n\n\n<div class=\"wp-block-columns is-layout-flex wp-container-core-columns-is-layout-9d6595d7 wp-block-columns-is-layout-flex\">\n<div class=\"wp-block-column is-layout-flow wp-block-column-is-layout-flow\">\n<p><strong>Propre et sec<\/strong><\/p>\n\n\n\n<ul class=\"wp-block-list\">\n<li>Nettoyeur haute pression 2600 psi, eau chaude ou froide (l'eau chaude est plus efficace \u00e0 50-60 degr\u00e9s)<\/li>\n\n\n\n<li>\u00e0 30 m de tout plan d'eau ou r\u00e9seau d'\u00e9gouts<\/li>\n\n\n\n<li>Brosser pour d\u00e9loger les contaminants (brosse tremp\u00e9e dans 10 % d'eau de Javel et d'eau pendant 10 min, rincer)<\/li>\n\n\n\n<li>S\u00e9cher \u00e0 l'air libre pendant 5 jours, humidit\u00e9 ne d\u00e9passant pas 65 %<\/li>\n\n\n\n<li>Les temp\u00e9ratures inf\u00e9rieures \u00e0 z\u00e9ro tuent les organismes, mais rincez apr\u00e8s<\/li>\n<\/ul>\n<\/div>\n\n\n\n<div class=\"wp-block-column is-layout-flow wp-block-column-is-layout-flow\">\n<figure class=\"wp-block-image size-large\"><img loading=\"lazy\" decoding=\"async\" width=\"1024\" height=\"735\" src=\"https:\/\/arlb-lbca.ca\/wp-content\/uploads\/2025\/04\/boat-4-1-1024x735.jpg\" alt=\"\" class=\"wp-image-178\" srcset=\"https:\/\/arlb-lbca.ca\/wp-content\/uploads\/2025\/04\/boat-4-1-1024x735.jpg 1024w, https:\/\/arlb-lbca.ca\/wp-content\/uploads\/2025\/04\/boat-4-1-300x215.jpg 300w, https:\/\/arlb-lbca.ca\/wp-content\/uploads\/2025\/04\/boat-4-1-768x551.jpg 768w, https:\/\/arlb-lbca.ca\/wp-content\/uploads\/2025\/04\/boat-4-1-1536x1102.jpg 1536w, https:\/\/arlb-lbca.ca\/wp-content\/uploads\/2025\/04\/boat-4-1-18x12.jpg 18w, https:\/\/arlb-lbca.ca\/wp-content\/uploads\/2025\/04\/boat-4-1.jpg 1781w\" sizes=\"auto, (max-width: 1024px) 100vw, 1024px\" \/><\/figure>\n<\/div>\n<\/div>\n\n\n\n<hr class=\"wp-block-separator has-alpha-channel-opacity is-style-wide\"\/>\n\n\n\n<p>R\u00e9f\u00e9rence: Minist\u00e8re des ressources naturelles et for\u00eats.&nbsp;<a href=\"https:\/\/mffp.gouv.qc.ca\/\">https:\/\/mffp.gouv.qc.ca<\/a><\/p>\n\n\n\n<p><\/p>","protected":false},"excerpt":{"rendered":"<p>The Cleaning Process INSPECT &amp; REMOVE DRAIN CLEAN &amp; DRY Reference: Minist\u00e8re des ressources naturelles et for\u00eats.&nbsp;https:\/\/mffp.gouv.qc.ca<\/p>","protected":false},"author":1,"featured_media":0,"parent":0,"menu_order":0,"comment_status":"closed","ping_status":"closed","template":"","meta":{"footnotes":""},"class_list":["post-369","page","type-page","status-publish","hentry","no-featured-image"],"_links":{"self":[{"href":"https:\/\/arlb-lbca.ca\/fr\/wp-json\/wp\/v2\/pages\/369","targetHints":{"allow":["GET"]}}],"collection":[{"href":"https:\/\/arlb-lbca.ca\/fr\/wp-json\/wp\/v2\/pages"}],"about":[{"href":"https:\/\/arlb-lbca.ca\/fr\/wp-json\/wp\/v2\/types\/page"}],"author":[{"embeddable":true,"href":"https:\/\/arlb-lbca.ca\/fr\/wp-json\/wp\/v2\/users\/1"}],"replies":[{"embeddable":true,"href":"https:\/\/arlb-lbca.ca\/fr\/wp-json\/wp\/v2\/comments?post=369"}],"version-history":[{"count":5,"href":"https:\/\/arlb-lbca.ca\/fr\/wp-json\/wp\/v2\/pages\/369\/revisions"}],"predecessor-version":[{"id":708,"href":"https:\/\/arlb-lbca.ca\/fr\/wp-json\/wp\/v2\/pages\/369\/revisions\/708"}],"wp:attachment":[{"href":"https:\/\/arlb-lbca.ca\/fr\/wp-json\/wp\/v2\/media?parent=369"}],"curies":[{"name":"wp","href":"https:\/\/api.w.org\/{rel}","templated":true}]}}