{"id":41,"date":"2025-04-25T02:59:07","date_gmt":"2025-04-25T00:59:07","guid":{"rendered":"http:\/\/atelieu.cluster051.hosting.ovh.net\/?page_id=41"},"modified":"2026-03-12T22:16:03","modified_gmt":"2026-03-12T22:16:03","slug":"home","status":"publish","type":"page","link":"https:\/\/arlb-lbca.ca\/fr\/","title":{"rendered":"Home"},"content":{"rendered":"<div style=\"height:220px\" aria-hidden=\"true\" class=\"wp-block-spacer\"><\/div>\n\n\n\n<p><strong>Bienvenue sur le site web du lac Barron.<br><\/strong>Vous y trouverez une mine d'informations qui vous permettront d'appr\u00e9cier sa richesse et d'en profiter pleinement tout en le pr\u00e9servant pour les g\u00e9n\u00e9rations futures.<br>Si vous ne trouvez pas ce que vous cherchez, n'h\u00e9sitez pas \u00e0 nous le faire savoir. Nous serons ravis de vous aider.<\/p>\n\n\n\n<p class=\"has-black-color has-text-color has-link-color wp-elements-fcf0df26d0a5a2dd50d2d3273f24c60f\">*<strong>NOUVEAU* Le proc\u00e8s-verbal de l'assembl\u00e9e g\u00e9n\u00e9rale annuelle 2025 est disponible ici.<\/strong> available <a href=\"https:\/\/arlb-lbca.ca\/wp-content\/uploads\/2026\/03\/20250713-ARLB-PV-AGA-nnFR.pdf\" data-type=\"link\" data-id=\"https:\/\/arlb-lbca.ca\/wp-content\/uploads\/2026\/03\/20250713-LBCA-Minutes-AGM-nnENG-1.pdf\" target=\"_blank\" rel=\"noreferrer noopener\"><strong>ICI<\/strong><\/a><\/p>\n\n\n\n<hr class=\"wp-block-separator has-alpha-channel-opacity is-style-default\"\/>\n\n\n\n<p class=\"has-text-color has-link-color wp-elements-3ead4c6c3900022825801820570b1093\" style=\"color:#301919\"><strong>*NOUVEAU* Le proc\u00e8s-verbal de la l' assembl\u00e9e extraordinaire de 2025 est disponible ici.<\/strong> available <a href=\"https:\/\/arlb-lbca.ca\/wp-content\/uploads\/2026\/03\/20250713-ARLB-PV-nnassemblee-extraordinaire-FR.pdf\" data-type=\"link\" data-id=\"https:\/\/arlb-lbca.ca\/wp-content\/uploads\/2026\/03\/20250713-LBCA-Minutes-special-assembly-ENGnn.pdf\" target=\"_blank\" rel=\"noreferrer noopener\"><strong>ICI<\/strong><\/a><\/p>\n\n\n\n<p class=\"has-black-color has-text-color has-link-color wp-elements-5000fcb55f5d0693efaa13bf7f7340ed\"><strong>2025  Updated LBCA Bylaws<\/strong><br>L'ARLB a mis \u00e0 jour ses r\u00e8glements. Consultez les modifications importantes, qui ont \u00e9t\u00e9 finalis\u00e9es et adopt\u00e9es lors de l'assembl\u00e9e g\u00e9n\u00e9rale annuelle de 2025 et qui peuvent \u00eatre consult\u00e9es <a href=\"https:\/\/arlb-lbca.ca\/wp-content\/uploads\/2025\/07\/20250713-Statuts_FinalARLB_FR.pdf\" data-type=\"attachment\" data-id=\"730\" target=\"_blank\" rel=\"noreferrer noopener\"><strong>ICI<\/strong><\/a>.<\/p>\n\n\n\n<hr class=\"wp-block-separator has-alpha-channel-opacity\"\/>\n\n\n\n<p class=\"has-text-align-center has-medium-font-size\"><strong>WINTER 2026 LBCA Newsletter<\/strong><\/p>\n\n\n\n<p class=\"has-text-align-center\"><strong>Toutes les derni\u00e8res nouvelles et plus encore...<\/strong><\/p>\n\n\n\n<hr class=\"wp-block-separator has-alpha-channel-opacity\"\/>\n\n\n\n<div class=\"wp-block-buttons is-content-justification-center is-layout-flex wp-container-core-buttons-is-layout-16018d1d wp-block-buttons-is-layout-flex\">\n<div class=\"wp-block-button has-custom-width wp-block-button__width-75 is-style-fill\"><a class=\"wp-block-button__link has-background wp-element-button\" href=\"https:\/\/arlb-lbca.ca\/wp-content\/uploads\/2026\/03\/NEWSLETTER-WINTER-FR2026.pdf\" style=\"background-color:#3022c2\" target=\"_blank\" rel=\"noreferrer noopener\">T\u00e9l\u00e9charger les nouvelles hiver 2026<\/a><\/div>\n<\/div>\n\n\n\n<hr class=\"wp-block-separator has-alpha-channel-opacity\"\/>\n\n\n\n<p class=\"has-text-align-center has-black-color has-text-color has-link-color wp-elements-ce6c5ab28d444dded6063b72847e65d5\"><strong>Merci \u00e0 tous ceux qui ont r\u00e9pondu \u00e0 l\u2019enqu\u00eate de l'association en 2024.<\/strong><\/p>\n\n\n\n<div class=\"wp-block-buttons is-content-justification-center is-layout-flex wp-container-core-buttons-is-layout-16018d1d wp-block-buttons-is-layout-flex\">\n<div class=\"wp-block-button has-custom-width wp-block-button__width-75\"><a class=\"wp-block-button__link has-background wp-element-button\" href=\"https:\/\/arlb-lbca.ca\/wp-content\/uploads\/2025\/05\/sondage_2024_all_questions.pdf\" style=\"background-color:#3022c2\">Sondage 2024 de l'association<\/a><\/div>\n<\/div>\n\n\n\n<hr class=\"wp-block-separator has-alpha-channel-opacity\"\/>\n\n\n\n<p class=\"has-text-align-center\"><strong>Visitez <a href=\"https:\/\/arlb-lbca.ca\/fr\/lake-health\/\" data-type=\"page\" data-id=\"212\">la page sant\u00e9 du lac<\/a>&nbsp;pour plus d'information sur les tests d'eau<\/strong><\/p>\n\n\n\n<hr class=\"wp-block-separator has-alpha-channel-opacity\"\/>\n\n\n\n<p class=\"has-text-align-center\"><strong>Informations importantes pour tous (r\u00e9sidents, invit\u00e9s, locataires)<\/strong><\/p>\n\n\n\n<div class=\"wp-block-buttons is-content-justification-center is-layout-flex wp-container-core-buttons-is-layout-16018d1d wp-block-buttons-is-layout-flex\">\n<div class=\"wp-block-button has-custom-width wp-block-button__width-75\"><a class=\"wp-block-button__link has-background wp-element-button\" href=\"https:\/\/arlb-lbca.ca\/wp-content\/uploads\/2025\/05\/code_de_lenvironnement_et_de_lethique_cee.pdf\" style=\"background-color:#3022c2\">Code d'\u00e9thique et environnemental<\/a><\/div>\n<\/div>\n\n\n\n<p><\/p>","protected":false},"excerpt":{"rendered":"<p>Welcome to the Lake Barron website.You&#8217;ll find a wealth of information that will help you appreciate its richness and enjoy it to the fullest while preserving it for future generations.If you don&#8217;t find what you&#8217;re looking for, please let us know. We&#8217;ll be happy to help. *NEW* 2025 Minutes of the Annual General Meeting available &hellip; <a href=\"https:\/\/arlb-lbca.ca\/fr\/\" class=\"more-link\">Continuer la lecture de <span class=\"screen-reader-text\">Home<\/span><\/a><\/p>","protected":false},"author":1,"featured_media":0,"parent":0,"menu_order":0,"comment_status":"closed","ping_status":"closed","template":"","meta":{"footnotes":""},"class_list":["post-41","page","type-page","status-publish","hentry","no-featured-image"],"_links":{"self":[{"href":"https:\/\/arlb-lbca.ca\/fr\/wp-json\/wp\/v2\/pages\/41","targetHints":{"allow":["GET"]}}],"collection":[{"href":"https:\/\/arlb-lbca.ca\/fr\/wp-json\/wp\/v2\/pages"}],"about":[{"href":"https:\/\/arlb-lbca.ca\/fr\/wp-json\/wp\/v2\/types\/page"}],"author":[{"embeddable":true,"href":"https:\/\/arlb-lbca.ca\/fr\/wp-json\/wp\/v2\/users\/1"}],"replies":[{"embeddable":true,"href":"https:\/\/arlb-lbca.ca\/fr\/wp-json\/wp\/v2\/comments?post=41"}],"version-history":[{"count":41,"href":"https:\/\/arlb-lbca.ca\/fr\/wp-json\/wp\/v2\/pages\/41\/revisions"}],"predecessor-version":[{"id":941,"href":"https:\/\/arlb-lbca.ca\/fr\/wp-json\/wp\/v2\/pages\/41\/revisions\/941"}],"wp:attachment":[{"href":"https:\/\/arlb-lbca.ca\/fr\/wp-json\/wp\/v2\/media?parent=41"}],"curies":[{"name":"wp","href":"https:\/\/api.w.org\/{rel}","templated":true}]}}