{"id":58,"date":"2025-04-25T03:24:59","date_gmt":"2025-04-25T01:24:59","guid":{"rendered":"http:\/\/atelieu.cluster051.hosting.ovh.net\/?page_id=58"},"modified":"2025-05-16T20:42:17","modified_gmt":"2025-05-16T19:42:17","slug":"about-us","status":"publish","type":"page","link":"https:\/\/arlb-lbca.ca\/fr\/about-us\/","title":{"rendered":"A propos"},"content":{"rendered":"<div style=\"height:140px\" aria-hidden=\"true\" class=\"wp-block-spacer\"><\/div>\n\n\n\n<h2 class=\"wp-block-heading has-text-align-center\"><strong>Nos valeurs<\/strong><\/h2>\n\n\n\n<p>Avec le soutien et l\u2019engagement de ses membres, l'association des Riverains du lac Barron vise \u00e0 pr\u00e9server et \u00e0 entretenir ce magnifique lac en mettant l\u2019accent sur la s\u00e9curit\u00e9 et l\u2019environnement. Nous avons le grand privil\u00e8ge de voir et d\u2019appr\u00e9cier ce que nous croyons \u00eatre l\u2019un des plus beaux lacs de la r\u00e9gion.<br><br>Au lac Barron, nous ch\u00e9rissons la tranquillit\u00e9, la paix et l\u2019intimit\u00e9, et nous voulons encourager une atmosph\u00e8re qui respecte ces principes. Nous sommes passionn\u00e9s par les sports nautiques, le v\u00e9lo et la randonn\u00e9e.<\/p>\n\n\n\n<p>Nous valorisons la communaut\u00e9, les racines et les traditions familiales profondes. Notre objectif est de promouvoir, de prot\u00e9ger et de maintenir un environnement sain pour les g\u00e9n\u00e9rations futures. Bien que l'eau ait le pouvoir magique de se renouveler, nous d\u00e9passons parfois les limites de la nature.<\/p>\n\n\n\n<h2 class=\"wp-block-heading has-text-align-center\"><strong>Nous sommes tous les gardiens du lac Barron. Soyons responsables\u00a0!<\/strong><\/h2>\n\n\n\n<div class=\"wp-block-buttons alignwide is-content-justification-center is-layout-flex wp-container-core-buttons-is-layout-16018d1d wp-block-buttons-is-layout-flex\">\n<div class=\"wp-block-button has-custom-width wp-block-button__width-25\"><a class=\"wp-block-button__link has-background wp-element-button\" href=\"https:\/\/arlb-lbca.ca\/fr\/history\/\" style=\"background-color:#3022c2\">Histoire<\/a><\/div>\n\n\n\n<div class=\"wp-block-button has-custom-width wp-block-button__width-25\"><a class=\"wp-block-button__link has-background wp-element-button\" href=\"https:\/\/arlb-lbca.ca\/fr\/community\/\" style=\"background-color:#3022c2\">Ce que nous faisons<\/a><\/div>\n\n\n\n<div class=\"wp-block-button has-custom-width wp-block-button__width-25\"><a class=\"wp-block-button__link has-background wp-element-button\" href=\"https:\/\/arlb-lbca.ca\/fr\/leadership\/\" style=\"background-color:#2e20c5\">Direction<\/a><\/div>\n<\/div>\n\n\n\n<div style=\"height:18px\" aria-hidden=\"true\" class=\"wp-block-spacer\"><\/div>\n\n\n\n<div class=\"wp-block-columns is-layout-flex wp-container-core-columns-is-layout-9d6595d7 wp-block-columns-is-layout-flex\">\n<div class=\"wp-block-column is-layout-flow wp-block-column-is-layout-flow\" style=\"flex-basis:100%\">\n<div class=\"wp-block-buttons alignwide is-content-justification-center is-layout-flex wp-container-core-buttons-is-layout-16018d1d wp-block-buttons-is-layout-flex\">\n<div class=\"wp-block-button has-custom-width wp-block-button__width-50\"><a class=\"wp-block-button__link has-background wp-element-button\" href=\"https:\/\/arlb-lbca.ca\/fr\/the-association\/\" style=\"background-color:#3022c2\">R\u00e8glements<\/a><\/div>\n\n\n\n<div class=\"wp-block-button has-custom-width wp-block-button__width-50\"><a class=\"wp-block-button__link has-background wp-element-button\" href=\"https:\/\/arlb-lbca.ca\/fr\/zones-representatives\/\" style=\"background-color:#3022c2\">Repr\u00e9sentants de zones<\/a><\/div>\n\n\n\n<div class=\"wp-block-button has-custom-width wp-block-button__width-50\"><a class=\"wp-block-button__link has-background wp-element-button\" href=\"https:\/\/cantondegore.qc.ca\/en\" style=\"background-color:#3022c2\">Canton de Gore<\/a><\/div>\n<\/div>\n<\/div>\n<\/div>\n\n\n\n<div class=\"wp-block-buttons alignwide is-content-justification-center is-layout-flex wp-container-core-buttons-is-layout-16018d1d wp-block-buttons-is-layout-flex\">\n<div class=\"wp-block-button has-custom-width wp-block-button__width-25\"><a class=\"wp-block-button__link has-background wp-element-button\" href=\"https:\/\/arlb-lbca.ca\/wp-content\/uploads\/2025\/05\/LBCA-ARLB-MemberFormnoPW2025pay.pdf\" style=\"background-color:#3022c2\">Adh\u00e9sion<\/a><\/div>\n\n\n\n<div class=\"wp-block-button has-custom-width wp-block-button__width-25\"><a class=\"wp-block-button__link has-background wp-element-button\" href=\"https:\/\/arlb-lbca.ca\/fr\/activities-events\/\" style=\"background-color:#3022c2\">\u00c9v\u00e9nements<\/a><\/div>\n\n\n\n<div class=\"wp-block-button has-custom-width wp-block-button__width-25\"><a class=\"wp-block-button__link has-background wp-element-button\" href=\"https:\/\/arlb-lbca.ca\/fr\/photos\/\" style=\"background-color:#3022c2\">Photos<\/a><\/div>\n<\/div>\n\n\n\n<p><\/p>","protected":false},"excerpt":{"rendered":"<p>Our values With the support and commitment of its members, the Lake Barron Citizens Association aims to preserve and maintain beautiful Lake Barron, with an emphasis on safety and the environment. We enjoy the great privilege of seeing and appreciating what we believe to be one of the region&#8217;s most beautiful places. At Lake Barron, &hellip; <a href=\"https:\/\/arlb-lbca.ca\/fr\/about-us\/\" class=\"more-link\">Continuer la lecture de <span class=\"screen-reader-text\">A propos<\/span><\/a><\/p>","protected":false},"author":1,"featured_media":0,"parent":0,"menu_order":0,"comment_status":"closed","ping_status":"closed","template":"","meta":{"footnotes":""},"class_list":["post-58","page","type-page","status-publish","hentry","no-featured-image"],"_links":{"self":[{"href":"https:\/\/arlb-lbca.ca\/fr\/wp-json\/wp\/v2\/pages\/58","targetHints":{"allow":["GET"]}}],"collection":[{"href":"https:\/\/arlb-lbca.ca\/fr\/wp-json\/wp\/v2\/pages"}],"about":[{"href":"https:\/\/arlb-lbca.ca\/fr\/wp-json\/wp\/v2\/types\/page"}],"author":[{"embeddable":true,"href":"https:\/\/arlb-lbca.ca\/fr\/wp-json\/wp\/v2\/users\/1"}],"replies":[{"embeddable":true,"href":"https:\/\/arlb-lbca.ca\/fr\/wp-json\/wp\/v2\/comments?post=58"}],"version-history":[{"count":8,"href":"https:\/\/arlb-lbca.ca\/fr\/wp-json\/wp\/v2\/pages\/58\/revisions"}],"predecessor-version":[{"id":675,"href":"https:\/\/arlb-lbca.ca\/fr\/wp-json\/wp\/v2\/pages\/58\/revisions\/675"}],"wp:attachment":[{"href":"https:\/\/arlb-lbca.ca\/fr\/wp-json\/wp\/v2\/media?parent=58"}],"curies":[{"name":"wp","href":"https:\/\/api.w.org\/{rel}","templated":true}]}}