{"id":59,"date":"2025-04-25T03:24:59","date_gmt":"2025-04-25T01:24:59","guid":{"rendered":"http:\/\/atelieu.cluster051.hosting.ovh.net\/?page_id=59"},"modified":"2026-03-05T23:26:36","modified_gmt":"2026-03-05T23:26:36","slug":"agm","status":"publish","type":"page","link":"https:\/\/arlb-lbca.ca\/fr\/agm\/","title":{"rendered":"AGA"},"content":{"rendered":"<div style=\"height:140px\" aria-hidden=\"true\" class=\"wp-block-spacer\"><\/div>\n\n\n\n<p class=\"has-text-align-center has-background has-medium-font-size\" style=\"background-color:#206ee98f\"><strong>Assembl\u00e9e G\u00e9n\u00e9rale Annuelle 2025 le 13 juillet<\/strong> <strong>JULY 13 <\/strong><\/p>\n\n\n\n<hr class=\"wp-block-separator has-alpha-channel-opacity\"\/>\n\n\n\n<div class=\"wp-block-buttons is-content-justification-center is-layout-flex wp-container-core-buttons-is-layout-16018d1d wp-block-buttons-is-layout-flex\">\n<div class=\"wp-block-button\"><a class=\"wp-block-button__link has-midnight-gradient-background has-background wp-element-button\" href=\"https:\/\/arlb-lbca.ca\/wp-content\/uploads\/2026\/03\/20250713-ARLB-PV-nnassemblee-extraordinaire-FR.pdf\" target=\"_blank\" rel=\"noreferrer noopener\">2025 PROC\u00c8S-VERBAL ASSEMBL\u00c9E EXTRAORDINAIRE<\/a><\/div>\n<\/div>\n\n\n\n<hr class=\"wp-block-separator has-alpha-channel-opacity\"\/>\n\n\n\n<div class=\"wp-block-buttons alignwide is-content-justification-center is-layout-flex wp-container-core-buttons-is-layout-16018d1d wp-block-buttons-is-layout-flex\">\n<div class=\"wp-block-button\"><a class=\"wp-block-button__link has-midnight-gradient-background has-background has-text-align-center wp-element-button\" href=\"https:\/\/arlb-lbca.ca\/wp-content\/uploads\/2026\/03\/20250713-ARLB-PV-AGA-nnFR.pdf\" target=\"_blank\" rel=\"noreferrer noopener\">2025 PROC\u00c8S VERBAL DE L\u2019ASSEMBL\u00c9E G\u00c9N\u00c9RALE ANNUELLE ICI<\/a><\/div>\n<\/div>\n\n\n\n<hr class=\"wp-block-separator has-alpha-channel-opacity\"\/>\n\n\n\n<div class=\"wp-block-buttons is-content-justification-center is-layout-flex wp-container-core-buttons-is-layout-16018d1d wp-block-buttons-is-layout-flex\">\n<div class=\"wp-block-button has-custom-width wp-block-button__width-75\"><a class=\"wp-block-button__link has-midnight-gradient-background has-background wp-element-button\" href=\"https:\/\/arlb-lbca.ca\/wp-content\/uploads\/2025\/07\/2025ODJ-AGA-FR.pdf\" target=\"_blank\" rel=\"noreferrer noopener\">2025 Ordre du jour<\/a><\/div>\n<\/div>\n\n\n\n<hr class=\"wp-block-separator has-alpha-channel-opacity\"\/>\n\n\n\n<p class=\"has-text-align-center has-background\" style=\"background-color:#206ee98f\">Veuillez envoyer vos commentaires ou questions par e-mail \u00e0 president@lbca.ca<\/p>\n\n\n\n<hr class=\"wp-block-separator has-alpha-channel-opacity\"\/>\n\n\n\n<div class=\"wp-block-buttons is-content-justification-center is-layout-flex wp-container-core-buttons-is-layout-16018d1d wp-block-buttons-is-layout-flex\">\n<div class=\"wp-block-button has-custom-width wp-block-button__width-75\"><a class=\"wp-block-button__link has-midnight-gradient-background has-background wp-element-button\" href=\"https:\/\/arlb-lbca.ca\/wp-content\/uploads\/2025\/07\/Proces-verbal-FR-22-Juin-2024-AGA.pdf\" target=\"_blank\" rel=\"noreferrer noopener\">2024 Proc\u00e8s-verbal de l'assembl\u00e9e g\u00e9n\u00e9rale<\/a><\/div>\n<\/div>\n\n\n\n<hr class=\"wp-block-separator has-alpha-channel-opacity\"\/>\n\n\n\n<hr class=\"wp-block-separator has-alpha-channel-opacity\"\/>","protected":false},"excerpt":{"rendered":"<p>2025 ANNUAL GENERAL MEETING LBCA JULY 13 Please email president@lbca.ca with any comments or concerns<\/p>","protected":false},"author":1,"featured_media":0,"parent":0,"menu_order":0,"comment_status":"closed","ping_status":"closed","template":"","meta":{"footnotes":""},"class_list":["post-59","page","type-page","status-publish","hentry","no-featured-image"],"_links":{"self":[{"href":"https:\/\/arlb-lbca.ca\/fr\/wp-json\/wp\/v2\/pages\/59","targetHints":{"allow":["GET"]}}],"collection":[{"href":"https:\/\/arlb-lbca.ca\/fr\/wp-json\/wp\/v2\/pages"}],"about":[{"href":"https:\/\/arlb-lbca.ca\/fr\/wp-json\/wp\/v2\/types\/page"}],"author":[{"embeddable":true,"href":"https:\/\/arlb-lbca.ca\/fr\/wp-json\/wp\/v2\/users\/1"}],"replies":[{"embeddable":true,"href":"https:\/\/arlb-lbca.ca\/fr\/wp-json\/wp\/v2\/comments?post=59"}],"version-history":[{"count":36,"href":"https:\/\/arlb-lbca.ca\/fr\/wp-json\/wp\/v2\/pages\/59\/revisions"}],"predecessor-version":[{"id":926,"href":"https:\/\/arlb-lbca.ca\/fr\/wp-json\/wp\/v2\/pages\/59\/revisions\/926"}],"wp:attachment":[{"href":"https:\/\/arlb-lbca.ca\/fr\/wp-json\/wp\/v2\/media?parent=59"}],"curies":[{"name":"wp","href":"https:\/\/api.w.org\/{rel}","templated":true}]}}