{"id":70,"date":"2025-04-26T03:41:16","date_gmt":"2025-04-26T01:41:16","guid":{"rendered":"http:\/\/atelieu.cluster051.hosting.ovh.net\/?page_id=70"},"modified":"2025-08-26T15:04:24","modified_gmt":"2025-08-26T14:04:24","slug":"leadership","status":"publish","type":"page","link":"https:\/\/arlb-lbca.ca\/fr\/leadership\/","title":{"rendered":"Direction"},"content":{"rendered":"<div style=\"height:140px\" aria-hidden=\"true\" class=\"wp-block-spacer\"><\/div>\n\n\n\n<div class=\"wp-block-group is-nowrap is-layout-flex wp-container-core-group-is-layout-ad2f72ca wp-block-group-is-layout-flex\">\n<p><\/p>\n<\/div>\n\n\n\n<figure class=\"wp-block-table alignwide is-style-stripes\"><table class=\"has-fixed-layout\"><tbody><tr><td class=\"has-text-align-right\" data-align=\"right\"><strong>Pr\u00e9sident<\/strong><\/td><td>Heather Anderson<\/td><td><a href=\"mailto:\u200bpresident@lbca.ca\">\u200bpresident@lbca.ca<\/a><\/td><\/tr><tr><td class=\"has-text-align-right\" data-align=\"right\"><strong>Tr\u00e9sorier<\/strong><\/td><td>Danielle Parent<\/td><td><a href=\"mailto:\u200b\u200bpresident@arlb-lbca.ca\">\u200b\u200bpresident@lbca.ca<\/a><\/td><\/tr><tr><td class=\"has-text-align-right\" data-align=\"right\"><strong>Directeur<\/strong><\/td><td>Yann Claudio<\/td><td><a href=\"mailto:\u200b\u200bpresident@lbca.ca\">\u200bpresident@lbca.ca<\/a><\/td><\/tr><tr><td class=\"has-text-align-right\" data-align=\"right\"><strong>Directeur<\/strong><\/td><td>Suzanne Gu\u00e9rin<\/td><td><a href=\"mailto:\u200b\u200bpresident@lbca.ca\">\u200bpresident@lbca.ca<\/a><\/td><\/tr><tr><td class=\"has-text-align-right\" data-align=\"right\"><strong>Directeur<\/strong><\/td><td>Margarent Gurinskas<\/td><td><a href=\"mailto:\u200b\u200bpresident@lbca.ca\">\u200bpresident@lbca.ca<\/a><\/td><\/tr><tr><td class=\"has-text-align-right\" data-align=\"right\"><strong>Directeur<\/strong><\/td><td>Remi St. Laurent<\/td><td><a href=\"mailto:\u200b\u200bpresident@lbca.ca\">\u200bpresident@lbca.ca<\/a><\/td><\/tr><tr><td class=\"has-text-align-right\" data-align=\"right\"><\/td><td><\/td><td><\/td><\/tr><tr><td class=\"has-text-align-right\" data-align=\"right\"><strong>Directeur de zone&nbsp;<\/strong><\/td><td>\u200bHeather Anderson<\/td><td><a href=\"mailto:\u200b\u200bpresident@lbca.ca\">\u200bpresident@lbca.ca<\/a><\/td><\/tr><tr><td class=\"has-text-align-right\" data-align=\"right\"><strong>Environnement<\/strong><\/td><td>\u200bSuzanne Gu\u00e9rin and Remi St. Laurent<\/td><td><a href=\"mailto:\u200b\u200bpresident@lbca.ca\">\u200bpresident@lbca.ca<\/a><\/td><\/tr><tr><td class=\"has-text-align-right\" data-align=\"right\"><strong>Activit\u00e9s et \u00e9v\u00e9nements<\/strong><\/td><td>\u200bAdrienne Hindle<\/td><td><a href=\"mailto:\u200b\u200bpresident@lbca.ca\">\u200bpresident@lbca.ca<\/a><\/td><\/tr><tr><td class=\"has-text-align-right\" data-align=\"right\"><strong>Navigation et s\u00e9curit\u00e9 sur le lac<\/strong><\/td><td>Diane Drury and Remi St. Laurent<\/td><td><a href=\"mailto:\u200b\u200bpresident@lbca.ca\">\u200bpresident@lbca.ca<\/a><\/td><\/tr><\/tbody><\/table><\/figure>\n\n\n\n<p><\/p>","protected":false},"excerpt":{"rendered":"<p>President Heather Anderson \u200bpresident@lbca.ca Treasurer Danielle Parent \u200b\u200bpresident@lbca.ca Director Yann Claudio \u200bpresident@lbca.ca Director Suzanne Gu\u00e9rin \u200bpresident@lbca.ca Director Margarent Gurinskas \u200bpresident@lbca.ca Director Remi St. Laurent \u200bpresident@lbca.ca Zone Director&nbsp; \u200bHeather Anderson \u200bpresident@lbca.ca Environment \u200bSuzanne Gu\u00e9rin and Remi St. Laurent \u200bpresident@lbca.ca Activities &amp; Events \u200bAdrienne Hindle \u200bpresident@lbca.ca Boating &amp; Lake Safety Diane Drury and Remi St. Laurent \u200bpresident@lbca.ca<\/p>","protected":false},"author":1,"featured_media":0,"parent":0,"menu_order":0,"comment_status":"closed","ping_status":"closed","template":"","meta":{"footnotes":""},"class_list":["post-70","page","type-page","status-publish","hentry","no-featured-image"],"_links":{"self":[{"href":"https:\/\/arlb-lbca.ca\/fr\/wp-json\/wp\/v2\/pages\/70","targetHints":{"allow":["GET"]}}],"collection":[{"href":"https:\/\/arlb-lbca.ca\/fr\/wp-json\/wp\/v2\/pages"}],"about":[{"href":"https:\/\/arlb-lbca.ca\/fr\/wp-json\/wp\/v2\/types\/page"}],"author":[{"embeddable":true,"href":"https:\/\/arlb-lbca.ca\/fr\/wp-json\/wp\/v2\/users\/1"}],"replies":[{"embeddable":true,"href":"https:\/\/arlb-lbca.ca\/fr\/wp-json\/wp\/v2\/comments?post=70"}],"version-history":[{"count":5,"href":"https:\/\/arlb-lbca.ca\/fr\/wp-json\/wp\/v2\/pages\/70\/revisions"}],"predecessor-version":[{"id":868,"href":"https:\/\/arlb-lbca.ca\/fr\/wp-json\/wp\/v2\/pages\/70\/revisions\/868"}],"wp:attachment":[{"href":"https:\/\/arlb-lbca.ca\/fr\/wp-json\/wp\/v2\/media?parent=70"}],"curies":[{"name":"wp","href":"https:\/\/api.w.org\/{rel}","templated":true}]}}