{"id":78,"date":"2025-04-26T04:02:03","date_gmt":"2025-04-26T02:02:03","guid":{"rendered":"http:\/\/atelieu.cluster051.hosting.ovh.net\/?page_id=78"},"modified":"2025-06-08T00:45:48","modified_gmt":"2025-06-07T23:45:48","slug":"community","status":"publish","type":"page","link":"https:\/\/arlb-lbca.ca\/fr\/community\/","title":{"rendered":"Communaut\u00e9"},"content":{"rendered":"<div style=\"height:140px\" aria-hidden=\"true\" class=\"wp-block-spacer\"><\/div>\n\n\n\n<h2 class=\"wp-block-heading has-text-align-center\">Esprit communautaire<\/h2>\n\n\n\n<p>From the outset, the members&nbsp;of the&nbsp;Lake Barron Citizens Association have maintained a global and long-term vision&nbsp;of the problems they faced. The environment and safety have always been at the heart of our concerns.<br>Les travaux en cours visant \u00e0 pr\u00e9server l\u2019environnement et \u00e0 am\u00e9liorer les mesures de s\u00e9curit\u00e9 illustrent ce qui peut \u00eatre accompli lorsqu\u2019un groupe de personnes partageant les m\u00eames id\u00e9es et les m\u00eames objectifs se r\u00e9unissent.<\/p>\n\n\n\n<h2 class=\"wp-block-heading has-text-align-center\"><strong>Unissons-nous pour faire la diff\u00e9rence !<\/strong><\/h2>\n\n\n\n<hr class=\"wp-block-separator has-alpha-channel-opacity\"\/>\n\n\n\n<h1 class=\"wp-block-heading has-text-align-center\"><strong>Notre histoire est importante<\/strong><\/h1>\n\n\n\n<h2 class=\"wp-block-heading\"><strong>Notre lac, notre responsabilit\u00e9<\/strong><\/h2>\n\n\n\n<p>Pour prot\u00e9ger notre investissement et le transmettre aux g\u00e9n\u00e9rations futures, et pour que chacun puisse profiter du lac \u00e0 sa mani\u00e8re, il est essentiel que chacun travaille ensemble pour favoriser une cohabitation harmonieuse. Prendre en compte les besoins de chacun est essentiel\u00a0!<\/p>\n\n\n\n<div class=\"wp-block-buttons is-content-justification-center is-layout-flex wp-container-core-buttons-is-layout-16018d1d wp-block-buttons-is-layout-flex\">\n<div class=\"wp-block-button\"><a class=\"wp-block-button__link has-background has-text-align-center wp-element-button\" href=\"https:\/\/arlb-lbca.ca\/wp-content\/uploads\/2025\/04\/communaute_1-1.pdf\" style=\"background-color:#3022c2\">En savoir plus sur notre histoire<\/a><\/div>\n<\/div>\n\n\n\n<hr class=\"wp-block-separator has-alpha-channel-opacity\"\/>\n\n\n\n<div class=\"wp-block-buttons is-content-justification-center is-layout-flex wp-container-core-buttons-is-layout-16018d1d wp-block-buttons-is-layout-flex\">\n<div class=\"wp-block-button\"><a class=\"wp-block-button__link has-white-color has-text-color has-background has-link-color wp-element-button\" href=\"mailto:president@lbca.ca\" style=\"background-color:#3022c2\">Vos informations sur le lac Barron sont-elles \u00e0 jour ?<\/a><\/div>\n<\/div>\n\n\n\n<h2 class=\"wp-block-heading\">Annuaire<\/h2>\n\n\n\n<p>L'association maintient une base de donn\u00e9es des riverains du lac. Des informations importantes sur le lac leur sont envoy\u00e9es chaque mois.<br>Vos donn\u00e9es personnelles sont-elles \u00e0 jour\u00a0? Veuillez nous contacter pour tout changement ou pour vous abonner \u00e0 l'annuaire. Contactez votre repr\u00e9sentant de zone si vous souhaitez recevoir une liste de coordonn\u00e9es.<\/p>\n\n\n\n<div class=\"wp-block-buttons is-content-justification-center is-layout-flex wp-container-core-buttons-is-layout-16018d1d wp-block-buttons-is-layout-flex\">\n<div class=\"wp-block-button\"><a class=\"wp-block-button__link has-white-color has-text-color has-background has-link-color wp-element-button\" href=\"mailto:president@lbca.ca\" style=\"background-color:#3022c2\">Courriel<\/a><\/div>\n<\/div>","protected":false},"excerpt":{"rendered":"<p>Community Spirit From the outset, the members&nbsp;of the&nbsp;Lake Barron Citizens Association have maintained a global and long-term vision&nbsp;of the problems they faced. The environment and safety have always been at the heart of our concerns.Ongoing work to preserve the environment and improve safety measures illustrates what can be achieved when a group of like-minded people &hellip; <a href=\"https:\/\/arlb-lbca.ca\/fr\/community\/\" class=\"more-link\">Continuer la lecture de <span class=\"screen-reader-text\">Communaut\u00e9<\/span><\/a><\/p>","protected":false},"author":1,"featured_media":0,"parent":0,"menu_order":0,"comment_status":"closed","ping_status":"closed","template":"","meta":{"footnotes":""},"class_list":["post-78","page","type-page","status-publish","hentry","no-featured-image"],"_links":{"self":[{"href":"https:\/\/arlb-lbca.ca\/fr\/wp-json\/wp\/v2\/pages\/78","targetHints":{"allow":["GET"]}}],"collection":[{"href":"https:\/\/arlb-lbca.ca\/fr\/wp-json\/wp\/v2\/pages"}],"about":[{"href":"https:\/\/arlb-lbca.ca\/fr\/wp-json\/wp\/v2\/types\/page"}],"author":[{"embeddable":true,"href":"https:\/\/arlb-lbca.ca\/fr\/wp-json\/wp\/v2\/users\/1"}],"replies":[{"embeddable":true,"href":"https:\/\/arlb-lbca.ca\/fr\/wp-json\/wp\/v2\/comments?post=78"}],"version-history":[{"count":5,"href":"https:\/\/arlb-lbca.ca\/fr\/wp-json\/wp\/v2\/pages\/78\/revisions"}],"predecessor-version":[{"id":753,"href":"https:\/\/arlb-lbca.ca\/fr\/wp-json\/wp\/v2\/pages\/78\/revisions\/753"}],"wp:attachment":[{"href":"https:\/\/arlb-lbca.ca\/fr\/wp-json\/wp\/v2\/media?parent=78"}],"curies":[{"name":"wp","href":"https:\/\/api.w.org\/{rel}","templated":true}]}}